{"id":668,"date":"2022-04-25T12:50:53","date_gmt":"2022-04-25T09:50:53","guid":{"rendered":"https:\/\/balos-travel.marketup.pro\/?page_id=668"},"modified":"2023-02-13T16:58:44","modified_gmt":"2023-02-13T14:58:44","slug":"ticket-services","status":"publish","type":"page","link":"https:\/\/balos-travel.com\/sv\/biljetttjanster\/","title":{"rendered":"Biljettj\u00e4nster"},"content":{"rendered":"<div data-elementor-type=\"wp-page\" data-elementor-id=\"668\" class=\"elementor elementor-668\">\n\t\t\t\t\t\t\t\t\t<section class=\"elementor-section elementor-top-section elementor-element elementor-element-1da853b ct-section-stretched elementor-section-height-min-height elementor-section-boxed elementor-section-height-default elementor-section-items-middle\" data-id=\"1da853b\" data-element_type=\"section\" data-settings=\"{&quot;jet_parallax_layout_list&quot;:[],&quot;background_background&quot;:&quot;classic&quot;}\">\n\t\t\t\t\t\t\t<div class=\"elementor-background-overlay\"><\/div>\n\t\t\t\t\t\t\t<div class=\"elementor-container elementor-column-gap-no\">\n\t\t\t\t\t<div class=\"elementor-column elementor-col-100 elementor-top-column elementor-element elementor-element-f7a24c1\" data-id=\"f7a24c1\" data-element_type=\"column\">\n\t\t\t<div class=\"elementor-widget-wrap elementor-element-populated\">\n\t\t\t\t\t\t\t\t<div class=\"elementor-element elementor-element-4c5f634 elementor-widget elementor-widget-heading\" data-id=\"4c5f634\" data-element_type=\"widget\" data-widget_type=\"heading.default\">\n\t\t\t\t<div class=\"elementor-widget-container\">\n\t\t\t<style>\/*! elementor - v3.7.8 - 02-10-2022 *\/\n.elementor-heading-title{padding:0;margin:0;line-height:1}.elementor-widget-heading .elementor-heading-title[class*=elementor-size-]>a{color:inherit;font-size:inherit;line-height:inherit}.elementor-widget-heading .elementor-heading-title.elementor-size-small{font-size:15px}.elementor-widget-heading .elementor-heading-title.elementor-size-medium{font-size:19px}.elementor-widget-heading .elementor-heading-title.elementor-size-large{font-size:29px}.elementor-widget-heading .elementor-heading-title.elementor-size-xl{font-size:39px}.elementor-widget-heading .elementor-heading-title.elementor-size-xxl{font-size:59px}<\/style><h1 class=\"elementor-heading-title elementor-size-default\">Biljettj\u00e4nster<\/h1>\t\t<\/div>\n\t\t\t\t<\/div>\n\t\t\t\t<div class=\"elementor-element elementor-element-8fda2a6 elementor-widget elementor-widget-heading\" data-id=\"8fda2a6\" data-element_type=\"widget\" data-widget_type=\"heading.default\">\n\t\t\t\t<div class=\"elementor-widget-container\">\n\t\t\t<h2 class=\"elementor-heading-title elementor-size-default\">F\u00e4rje- och flygbolag i Grekland och utomlands<\/h2>\t\t<\/div>\n\t\t\t\t<\/div>\n\t\t\t\t<section class=\"elementor-section elementor-inner-section elementor-element elementor-element-34be0de elementor-section-boxed elementor-section-height-default elementor-section-height-default\" data-id=\"34be0de\" data-element_type=\"section\" data-settings=\"{&quot;jet_parallax_layout_list&quot;:[]}\">\n\t\t\t\t\t\t<div class=\"elementor-container elementor-column-gap-no\">\n\t\t\t\t\t<div class=\"elementor-column elementor-col-100 elementor-inner-column elementor-element elementor-element-a0ca483\" data-id=\"a0ca483\" data-element_type=\"column\">\n\t\t\t<div class=\"elementor-widget-wrap elementor-element-populated\">\n\t\t\t\t\t\t\t\t<div class=\"elementor-element elementor-element-03a6632 elementor-widget elementor-widget-jet-breadcrumbs\" data-id=\"03a6632\" data-element_type=\"widget\" data-widget_type=\"jet-breadcrumbs.default\">\n\t\t\t\t<div class=\"elementor-widget-container\">\n\t\t\t<div class=\"elementor-jet-breadcrumbs jet-blocks\">\n\t\t<div class=\"jet-breadcrumbs\">\n\t\t<div class=\"jet-breadcrumbs__content\">\n\t\t<div class=\"jet-breadcrumbs__wrap\"><div class=\"jet-breadcrumbs__item\"><a href=\"https:\/\/balos-travel.com\/sv\/\" class=\"jet-breadcrumbs__item-link is-home\" rel=\"home\" title=\"Hem\">Hem<\/a><\/div>\n\t\t<\/div>\n\t\t<\/div>\n\t\t<\/div><\/div>\t\t<\/div>\n\t\t\t\t<\/div>\n\t\t\t\t\t<\/div>\n\t\t<\/div>\n\t\t\t\t\t\t\t<\/div>\n\t\t<\/section>\n\t\t\t\t\t<\/div>\n\t\t<\/div>\n\t\t\t\t\t\t\t<\/div>\n\t\t<\/section>\n\t\t\t\t<section class=\"elementor-section elementor-top-section elementor-element elementor-element-6bcac03 elementor-section-boxed elementor-section-height-default elementor-section-height-default\" data-id=\"6bcac03\" data-element_type=\"section\" data-settings=\"{&quot;jet_parallax_layout_list&quot;:[],&quot;background_background&quot;:&quot;classic&quot;}\">\n\t\t\t\t\t\t<div class=\"elementor-container elementor-column-gap-default\">\n\t\t\t\t\t<div class=\"elementor-column elementor-col-100 elementor-top-column elementor-element elementor-element-a988e16\" data-id=\"a988e16\" data-element_type=\"column\">\n\t\t\t<div class=\"elementor-widget-wrap elementor-element-populated\">\n\t\t\t\t\t\t\t\t<div class=\"elementor-element elementor-element-23cebdc elementor-widget elementor-widget-heading\" data-id=\"23cebdc\" data-element_type=\"widget\" data-widget_type=\"heading.default\">\n\t\t\t\t<div class=\"elementor-widget-container\">\n\t\t\t<h3 class=\"elementor-heading-title elementor-size-default\">Beg\u00e4ran om din biljett<\/h3>\t\t<\/div>\n\t\t\t\t<\/div>\n\t\t\t\t<div class=\"elementor-element elementor-element-5494ffb elementor-widget elementor-widget-heading\" data-id=\"5494ffb\" data-element_type=\"widget\" data-widget_type=\"heading.default\">\n\t\t\t\t<div class=\"elementor-widget-container\">\n\t\t\t<h2 class=\"elementor-heading-title elementor-size-default\">Biljettj\u00e4nster<\/h2>\t\t<\/div>\n\t\t\t\t<\/div>\n\t\t\t\t<div class=\"elementor-element elementor-element-6be7cc3 elementor-widget elementor-widget-text-editor\" data-id=\"6be7cc3\" data-element_type=\"widget\" data-widget_type=\"text-editor.default\">\n\t\t\t\t<div class=\"elementor-widget-container\">\n\t\t\t<style>\/*! elementor - v3.7.8 - 02-10-2022 *\/\n.elementor-widget-text-editor.elementor-drop-cap-view-stacked .elementor-drop-cap{background-color:#818a91;color:#fff}.elementor-widget-text-editor.elementor-drop-cap-view-framed .elementor-drop-cap{color:#818a91;border:3px solid;background-color:transparent}.elementor-widget-text-editor:not(.elementor-drop-cap-view-default) .elementor-drop-cap{margin-top:8px}.elementor-widget-text-editor:not(.elementor-drop-cap-view-default) .elementor-drop-cap-letter{width:1em;height:1em}.elementor-widget-text-editor .elementor-drop-cap{float:left;text-align:center;line-height:1;font-size:50px}.elementor-widget-text-editor .elementor-drop-cap-letter{display:inline-block}<\/style>\t\t\t\t<p>Den allm\u00e4nna turistbyr\u00e5n\u00a0<a href=\"https:\/\/balos-travel.com\/sv\/\"><strong>Balos Travel<\/strong><\/a>\u00a0samarbetar med alla f\u00e4rje- och flygbolag i Grekland och utomlands.<br \/>Fr\u00e5ga oss i god tid om priser och tillg\u00e4nglighet f\u00f6r inrikes och internationella resv\u00e4gar.<br \/>V\u00e5r byr\u00e5 har sitt huvudkontor i Kissamos, Chania, Kreta, men du kan skicka din f\u00f6rfr\u00e5gan via v\u00e5r webbplats s\u00e5 skickar vi dig de b\u00e4sta priserna och tillg\u00e4ngligheten.<\/p>\n<p>Skicka din\u00a0<a href=\"#requestticket\">BEG\u00c4R DET H\u00c4R.<\/a><\/p>\n<p>Du kan ocks\u00e5 ringa <a href=\"tel:+302822022900\">28220 22900<\/a> eller mobil <a href=\"tel:+306947091549\">6947091549<\/a>.<br \/>Om du vill komma fr\u00e5n v\u00e5rt kontor i Kissamos hittar du oss p\u00e5 131 Iroon Polytechniou Street (Eleftheriou Venizelou Square).<\/p>\n<p>Vintertid (november till april):<br \/>DAGLIGT: 9:30 - 14:00 och 18:00 - 21:00 (utom s\u00f6ndag)<\/p>\n<p>Sommartid (maj-oktober):<br \/>DAGLIGEN: 9:00 - 21:00<br \/>S\u00f6ndag: 9:00 - 13:00<\/p>\n<p>SAMARBETSVILLIGA F\u00d6RETAG:<br \/>KUSTF\u00d6RETAG: Anek Lines - Minoan Lines - Sea Jets - Hellenic See Ways - Blue star Ferries - Superfast Ferries - Aegeon Pelagos - Sea Speed Ferries<\/p>\n<p>FLYGBOLAG: Alla f\u00f6retag<\/p>\n<h2>Tickets Services - Bokning och betalning av f\u00e4rje- och flygbiljetter.<\/h2>\n<p><br \/>F\u00f6r att boka och k\u00f6pa biljetter via v\u00e5rt kontor m\u00e5ste du kontakta oss och ange datum och destination f\u00f6r din resa. Vi kommer att leta efter alla m\u00f6jliga fall och kombinationer som passar dig.<br \/>N\u00e4r vi hittar de resv\u00e4gar som passar dig m\u00e5ste vi g\u00f6ra en tillf\u00e4llig bokning innan biljetterna utf\u00e4rdas slutgiltigt.<br \/>F\u00f6r bokningen beh\u00f6ver vi f\u00f6ljande fr\u00e5n dig:<br \/>A) Pass- eller identitetsuppgifter (passagerarens namn med latinska bokst\u00e4ver enligt passet eller identitetskortet, f\u00f6delsedatum, passnummer och passets utg\u00e5ngsdatum).<br \/>B) namn och telefonnummer p\u00e5 den person som gjort bokningen.<\/p>\n<p>N\u00e4r vi har slutf\u00f6rt bokningen f\u00e5r du en bokningskod som du beh\u00f6ver f\u00f6r att kontrollera och betala. Du m\u00e5ste visa upp ett betalningsbevis f\u00f6r att biljetten ska kunna utf\u00e4rdas.<\/p>\n<p>Betalningen av biljetten, som g\u00e4ller bokningen, m\u00e5ste ske inom de tidsfrister som fastst\u00e4lls i varje f\u00f6retags policy. Om betalningen inte sker inom de angivna tiderna annulleras bokningen.<\/p>\n<p>Betalningen av det f\u00f6rfallna priset sker enligt f\u00f6ljande betalningsmetoder,<br \/>a) p\u00e5 BALOS TRAVEL:s kontor.<br \/>b) genom ins\u00e4ttning p\u00e5 ett bankkonto i bolaget.<br \/>c) med kredit- eller betalkort fr\u00e5n n\u00e5gon bank<\/p>\n<h2>Villkor och best\u00e4mmelser:<\/h2>\n<p><br \/>Flygbolaget eller f\u00e4rjan har r\u00e4tt att \u00e4ndra det datum och den tid f\u00f6r avg\u00e5ng som anges p\u00e5 biljetterna.<br \/>Vi rekommenderar att du kontaktar oss f\u00f6r att f\u00e5 en bekr\u00e4ftelse p\u00e5 avg\u00e5ngstiden 24 timmar f\u00f6re den tid som anges p\u00e5 biljetten.<br \/>Passageraren m\u00e5ste infinna sig vid biljettkontrollen p\u00e5 flygplatsen eller i hamnen minst 1-2 timmar f\u00f6re avg\u00e5ng f\u00f6r att kunna genomf\u00f6ra alla n\u00f6dv\u00e4ndiga kontrollf\u00f6rfaranden.<br \/>F\u00f6r att kunna resa utomlands m\u00e5ste passageraren ha alla relevanta giltiga dokument som utf\u00e4rdats av de officiella myndigheterna i respektive utf\u00e4rdande land, samt visum eller uppeh\u00e5llskort f\u00f6r inresa i de l\u00e4nder som kr\u00e4vs. Transport\u00f6ren har r\u00e4tt att inte till\u00e5ta passageraren att resa om denne inte har alla n\u00f6dv\u00e4ndiga giltiga dokument och passageraren \u00e4r helt ansvarig f\u00f6r dem.<br \/>V\u00e5rt kontor ansvarar BARA f\u00f6r utf\u00e4rdandet av biljetter och inte f\u00f6r de n\u00f6dv\u00e4ndiga personliga dokumenten (pass, visum, h\u00e4lsodokument covid-19 etc.).<\/p>\n<p>Balos Travel - Biljettj\u00e4nster p\u00e5 Kissamos Chania Kreta -\u00a0<a href=\"https:\/\/balos-travel.com\/sv\/kontakt-us-balos-travel-crete-2\/\"><strong>BOKA NU !!!!<\/strong><\/a><\/p>\t\t\t\t\t\t<\/div>\n\t\t\t\t<\/div>\n\t\t\t\t\t<\/div>\n\t\t<\/div>\n\t\t\t\t\t\t\t<\/div>\n\t\t<\/section>\n\t\t\t\t<section class=\"elementor-section elementor-top-section elementor-element elementor-element-da92821 elementor-section-boxed elementor-section-height-default elementor-section-height-default\" data-id=\"da92821\" data-element_type=\"section\" id=\"requestticket\" data-settings=\"{&quot;jet_parallax_layout_list&quot;:[]}\">\n\t\t\t\t\t\t<div class=\"elementor-container elementor-column-gap-no\">\n\t\t\t\t\t<div class=\"elementor-column elementor-col-100 elementor-top-column elementor-element elementor-element-ef76fb6\" data-id=\"ef76fb6\" data-element_type=\"column\">\n\t\t\t<div class=\"elementor-widget-wrap elementor-element-populated\">\n\t\t\t\t\t\t\t\t<div class=\"elementor-element elementor-element-b6f1ef6 elementor-widget elementor-widget-heading\" data-id=\"b6f1ef6\" data-element_type=\"widget\" data-widget_type=\"heading.default\">\n\t\t\t\t<div class=\"elementor-widget-container\">\n\t\t\t<h3 class=\"elementor-heading-title elementor-size-default\">Beg\u00e4ran om en biljett<\/h3>\t\t<\/div>\n\t\t\t\t<\/div>\n\t\t\t\t<div class=\"elementor-element elementor-element-c5269e5 elementor-button-align-start elementor-widget elementor-widget-form\" data-id=\"c5269e5\" data-element_type=\"widget\" data-settings=\"{&quot;step_next_label&quot;:&quot;Next&quot;,&quot;step_previous_label&quot;:&quot;Previous&quot;,&quot;button_width&quot;:&quot;100&quot;,&quot;step_type&quot;:&quot;number_text&quot;,&quot;step_icon_shape&quot;:&quot;circle&quot;}\" data-widget_type=\"form.default\">\n\t\t\t\t<div class=\"elementor-widget-container\">\n\t\t\t<style>\/*! elementor-pro - v3.7.3 - 31-07-2022 *\/\n.elementor-button.elementor-hidden,.elementor-hidden{display:none}.e-form__step{width:100%}.e-form__step:not(.elementor-hidden){display:-webkit-box;display:-ms-flexbox;display:flex;-ms-flex-wrap:wrap;flex-wrap:wrap}.e-form__buttons{-ms-flex-wrap:wrap;flex-wrap:wrap}.e-form__buttons,.e-form__buttons__wrapper{display:-webkit-box;display:-ms-flexbox;display:flex}.e-form__indicators{-webkit-box-pack:justify;-ms-flex-pack:justify;justify-content:space-between;-ms-flex-wrap:nowrap;flex-wrap:nowrap;font-size:13px;margin-bottom:var(--e-form-steps-indicators-spacing)}.e-form__indicators,.e-form__indicators__indicator{display:-webkit-box;display:-ms-flexbox;display:flex;-webkit-box-align:center;-ms-flex-align:center;align-items:center}.e-form__indicators__indicator{-webkit-box-orient:vertical;-webkit-box-direction:normal;-ms-flex-direction:column;flex-direction:column;-webkit-box-pack:center;-ms-flex-pack:center;justify-content:center;-ms-flex-preferred-size:0;flex-basis:0;padding:0 var(--e-form-steps-divider-gap)}.e-form__indicators__indicator__progress{width:100%;position:relative;background-color:var(--e-form-steps-indicator-progress-background-color);border-radius:var(--e-form-steps-indicator-progress-border-radius);overflow:hidden}.e-form__indicators__indicator__progress__meter{width:var(--e-form-steps-indicator-progress-meter-width,0);height:var(--e-form-steps-indicator-progress-height);line-height:var(--e-form-steps-indicator-progress-height);padding-right:15px;border-radius:var(--e-form-steps-indicator-progress-border-radius);background-color:var(--e-form-steps-indicator-progress-color);color:var(--e-form-steps-indicator-progress-meter-color);text-align:right;-webkit-transition:width .1s linear;-o-transition:width .1s linear;transition:width .1s linear}.e-form__indicators__indicator:first-child{padding-left:0}.e-form__indicators__indicator:last-child{padding-right:0}.e-form__indicators__indicator--state-inactive{color:var(--e-form-steps-indicator-inactive-primary-color,#c2cbd2)}.e-form__indicators__indicator--state-inactive [class*=indicator--shape-]:not(.e-form__indicators__indicator--shape-none){background-color:var(--e-form-steps-indicator-inactive-secondary-color,#fff)}.e-form__indicators__indicator--state-inactive object,.e-form__indicators__indicator--state-inactive svg{fill:var(--e-form-steps-indicator-inactive-primary-color,#c2cbd2)}.e-form__indicators__indicator--state-active{color:var(--e-form-steps-indicator-active-primary-color,#39b54a);border-color:var(--e-form-steps-indicator-active-secondary-color,#fff)}.e-form__indicators__indicator--state-active [class*=indicator--shape-]:not(.e-form__indicators__indicator--shape-none){background-color:var(--e-form-steps-indicator-active-secondary-color,#fff)}.e-form__indicators__indicator--state-active object,.e-form__indicators__indicator--state-active svg{fill:var(--e-form-steps-indicator-active-primary-color,#39b54a)}.e-form__indicators__indicator--state-completed{color:var(--e-form-steps-indicator-completed-secondary-color,#fff)}.e-form__indicators__indicator--state-completed [class*=indicator--shape-]:not(.e-form__indicators__indicator--shape-none){background-color:var(--e-form-steps-indicator-completed-primary-color,#39b54a)}.e-form__indicators__indicator--state-completed .e-form__indicators__indicator__label{color:var(--e-form-steps-indicator-completed-primary-color,#39b54a)}.e-form__indicators__indicator--state-completed .e-form__indicators__indicator--shape-none{color:var(--e-form-steps-indicator-completed-primary-color,#39b54a);background-color:initial}.e-form__indicators__indicator--state-completed object,.e-form__indicators__indicator--state-completed svg{fill:var(--e-form-steps-indicator-completed-secondary-color,#fff)}.e-form__indicators__indicator__icon{width:var(--e-form-steps-indicator-padding,30px);height:var(--e-form-steps-indicator-padding,30px);font-size:var(--e-form-steps-indicator-icon-size);border-width:1px;border-style:solid;display:-webkit-box;display:-ms-flexbox;display:flex;-webkit-box-pack:center;-ms-flex-pack:center;justify-content:center;-webkit-box-align:center;-ms-flex-align:center;align-items:center;overflow:hidden;margin-bottom:10px}.e-form__indicators__indicator__icon img,.e-form__indicators__indicator__icon object,.e-form__indicators__indicator__icon svg{width:var(--e-form-steps-indicator-icon-size);height:auto}.e-form__indicators__indicator__icon .e-font-icon-svg{height:1em}.e-form__indicators__indicator__number{width:var(--e-form-steps-indicator-padding,30px);height:var(--e-form-steps-indicator-padding,30px);border-width:1px;border-style:solid;display:-webkit-box;display:-ms-flexbox;display:flex;-webkit-box-pack:center;-ms-flex-pack:center;justify-content:center;-webkit-box-align:center;-ms-flex-align:center;align-items:center;margin-bottom:10px}.e-form__indicators__indicator--shape-circle{border-radius:50%}.e-form__indicators__indicator--shape-square{border-radius:0}.e-form__indicators__indicator--shape-rounded{border-radius:5px}.e-form__indicators__indicator--shape-none{border:0}.e-form__indicators__indicator__label{text-align:center}.e-form__indicators__indicator__separator{width:100%;height:var(--e-form-steps-divider-width);background-color:#c2cbd2}.e-form__indicators--type-icon,.e-form__indicators--type-icon_text,.e-form__indicators--type-number,.e-form__indicators--type-number_text{-webkit-box-align:start;-ms-flex-align:start;align-items:flex-start}.e-form__indicators--type-icon .e-form__indicators__indicator__separator,.e-form__indicators--type-icon_text .e-form__indicators__indicator__separator,.e-form__indicators--type-number .e-form__indicators__indicator__separator,.e-form__indicators--type-number_text .e-form__indicators__indicator__separator{margin-top:calc(var(--e-form-steps-indicator-padding, 30px) \/ 2 - var(--e-form-steps-divider-width, 1px) \/ 2)}.elementor-field-type-hidden{display:none}.elementor-field-type-html{display:inline-block}.elementor-login .elementor-lost-password,.elementor-login .elementor-remember-me{font-size:.85em}.elementor-field-type-recaptcha_v3 .elementor-field-label{display:none}.elementor-field-type-recaptcha_v3 .grecaptcha-badge{z-index:1}.elementor-button .elementor-form-spinner{-webkit-box-ordinal-group:4;-ms-flex-order:3;order:3}.elementor-form .elementor-button>span{display:-webkit-box;display:-ms-flexbox;display:flex;-webkit-box-pack:center;-ms-flex-pack:center;justify-content:center;-webkit-box-align:center;-ms-flex-align:center;align-items:center}.elementor-form .elementor-button .elementor-button-text{white-space:normal;-webkit-box-flex:0;-ms-flex-positive:0;flex-grow:0}.elementor-form .elementor-button svg{height:auto}.elementor-form .elementor-button .e-font-icon-svg{height:1em}<\/style>\t\t<form class=\"elementor-form\" method=\"post\" name=\"Ticket Services\" action=\"\">\n\t\t\t<input type=\"hidden\" name=\"post_id\" value=\"668\"\/>\n\t\t\t<input type=\"hidden\" name=\"form_id\" value=\"c5269e5\"\/>\n\t\t\t<input type=\"hidden\" name=\"referer_title\" value=\"\" \/>\n\n\t\t\t\n\t\t\t<div class=\"elementor-form-fields-wrapper elementor-labels-\">\n\t\t\t\t\t\t\t\t<div class=\"elementor-field-type-text elementor-field-group elementor-column elementor-field-group-name elementor-col-50\">\n\t\t\t\t\t\t\t\t\t\t\t\t<label for=\"form-field-name\" class=\"elementor-field-label elementor-screen-only\">\n\t\t\t\t\t\t\t\tNamn\t\t\t\t\t\t\t<\/label>\n\t\t\t\t\t\t\t\t\t\t\t\t\t\t<input size=\"1\" type=\"text\" name=\"form_fields[name]\" id=\"form-field-name\" class=\"elementor-field elementor-size-sm  elementor-field-textual\" placeholder=\"Fullst\u00e4ndiga namn\">\n\t\t\t\t\t\t\t\t\t\t\t<\/div>\n\t\t\t\t\t\t\t\t<div class=\"elementor-field-type-email elementor-field-group elementor-column elementor-field-group-email elementor-col-50 elementor-field-required\">\n\t\t\t\t\t\t\t\t\t\t\t\t<label for=\"form-field-email\" class=\"elementor-field-label elementor-screen-only\">\n\t\t\t\t\t\t\t\tE-mail\t\t\t\t\t\t\t<\/label>\n\t\t\t\t\t\t\t\t\t\t\t\t\t\t<input size=\"1\" type=\"email\" name=\"form_fields[email]\" id=\"form-field-email\" class=\"elementor-field elementor-size-sm  elementor-field-textual\" placeholder=\"E-mail\" required=\"required\" aria-required=\"true\">\n\t\t\t\t\t\t\t\t\t\t\t<\/div>\n\t\t\t\t\t\t\t\t<div class=\"elementor-field-type-tel elementor-field-group elementor-column elementor-field-group-field_c88dacc elementor-col-33 elementor-field-required\">\n\t\t\t\t\t\t\t\t\t\t\t\t<label for=\"form-field-field_c88dacc\" class=\"elementor-field-label elementor-screen-only\">\n\t\t\t\t\t\t\t\tTelefon\t\t\t\t\t\t\t<\/label>\n\t\t\t\t\t\t\t\t<input size=\"1\" type=\"tel\" name=\"form_fields[field_c88dacc]\" id=\"form-field-field_c88dacc\" class=\"elementor-field elementor-size-sm  elementor-field-textual\" placeholder=\"Telefon\" required=\"required\" aria-required=\"true\" pattern=\"[0-9()#&amp;+*-=.]+\" title=\"Endast siffror och telefontecken (#, -, *, etc) accepteras.\">\n\n\t\t\t\t\t\t<\/div>\n\t\t\t\t\t\t\t\t<div class=\"elementor-field-type-text elementor-field-group elementor-column elementor-field-group-field_175d6c3 elementor-col-33 elementor-field-required\">\n\t\t\t\t\t\t\t\t\t\t\t\t<label for=\"form-field-field_175d6c3\" class=\"elementor-field-label elementor-screen-only\">\n\t\t\t\t\t\t\t\tLand\t\t\t\t\t\t\t<\/label>\n\t\t\t\t\t\t\t\t\t\t\t\t\t\t<input size=\"1\" type=\"text\" name=\"form_fields[field_175d6c3]\" id=\"form-field-field_175d6c3\" class=\"elementor-field elementor-size-sm  elementor-field-textual\" placeholder=\"Land\" required=\"required\" aria-required=\"true\">\n\t\t\t\t\t\t\t\t\t\t\t<\/div>\n\t\t\t\t\t\t\t\t<div class=\"elementor-field-type-text elementor-field-group elementor-column elementor-field-group-field_48bdb66 elementor-col-33 elementor-field-required\">\n\t\t\t\t\t\t\t\t\t\t\t\t<label for=\"form-field-field_48bdb66\" class=\"elementor-field-label elementor-screen-only\">\n\t\t\t\t\t\t\t\tPersoner\t\t\t\t\t\t\t<\/label>\n\t\t\t\t\t\t\t\t\t\t\t\t\t\t<input size=\"1\" type=\"text\" name=\"form_fields[field_48bdb66]\" id=\"form-field-field_48bdb66\" class=\"elementor-field elementor-size-sm  elementor-field-textual\" placeholder=\"Antal personer\" required=\"required\" aria-required=\"true\">\n\t\t\t\t\t\t\t\t\t\t\t<\/div>\n\t\t\t\t\t\t\t\t<div class=\"elementor-field-type-textarea elementor-field-group elementor-column elementor-field-group-message elementor-col-100\">\n\t\t\t\t\t\t\t\t\t\t\t\t<label for=\"form-field-message\" class=\"elementor-field-label elementor-screen-only\">\n\t\t\t\t\t\t\t\tMeddelande\t\t\t\t\t\t\t<\/label>\n\t\t\t\t\t\t<textarea class=\"elementor-field-textual elementor-field  elementor-size-sm\" name=\"form_fields[message]\" id=\"form-field-message\" rows=\"4\" placeholder=\"Anteckningar och kommentarer\"><\/textarea>\t\t\t\t<\/div>\n\t\t\t\t\t\t\t\t<div class=\"elementor-field-group elementor-column elementor-field-type-submit elementor-col-100 e-form__buttons\">\n\t\t\t\t\t<button type=\"submit\" class=\"elementor-button elementor-size-sm\">\n\t\t\t\t\t\t<span >\n\t\t\t\t\t\t\t\t\t\t\t\t\t\t\t<span class=\"elementor-align-icon-left elementor-button-icon\">\n\t\t\t\t\t\t\t\t\t<i aria-hidden=\"true\" class=\"far fa-paper-plane\"><\/i>\t\t\t\t\t\t\t\t\t\t\t\t\t\t\t\t\t<\/span>\n\t\t\t\t\t\t\t\t\t\t\t\t\t\t\t\t\t\t\t\t\t\t<span class=\"elementor-button-text\">Skicka<\/span>\n\t\t\t\t\t\t\t\t\t\t\t\t\t<\/span>\n\t\t\t\t\t<\/button>\n\t\t\t\t<\/div>\n\t\t\t<\/div>\n\t\t<input type=\"hidden\" name=\"trp-form-language\" value=\"sv\"\/><\/form>\n\t\t\t\t<\/div>\n\t\t\t\t<\/div>\n\t\t\t\t\t<\/div>\n\t\t<\/div>\n\t\t\t\t\t\t\t<\/div>\n\t\t<\/section>\n\t\t\t\t\t\t\t<\/div>","protected":false},"excerpt":{"rendered":"<p>Biljettj\u00e4nster F\u00e4rje- och flygbolag i Grekland och utomlands Hem F\u00f6rfr\u00e5gan om din biljett Biljettj\u00e4nster Den allm\u00e4nna turistbyr\u00e5n Balos Travel samarbetar med alla f\u00e4rje- och flygbolag i Grekland och utomlands. Fr\u00e5ga oss i tid om priser och tillg\u00e4nglighet f\u00f6r inrikes eller internationella resv\u00e4gar. Huvudkontoret f\u00f6r v\u00e5r byr\u00e5 ligger i Kissamos, Chania, Kreta, men du kan skicka oss din f\u00f6rfr\u00e5gan via v\u00e5r webbplats och vi kommer att skicka dig de b\u00e4sta priserna och tillg\u00e4ngligheten. Skicka din f\u00f6rfr\u00e5gan H\u00c4R. Du kan ocks\u00e5 ringa 28220 22900 eller mobil 6947091549. Om du vill komma fr\u00e5n v\u00e5rt kontor i Kissamos kommer du att...<\/p>","protected":false},"author":3,"featured_media":4861,"parent":0,"menu_order":0,"comment_status":"closed","ping_status":"closed","template":"elementor_header_footer","meta":[],"blocksy_meta":{"styles_descriptor":{"styles":{"desktop":"","tablet":"","mobile":""},"google_fonts":[],"version":5}},"_links":{"self":[{"href":"https:\/\/balos-travel.com\/sv\/wp-json\/wp\/v2\/pages\/668"}],"collection":[{"href":"https:\/\/balos-travel.com\/sv\/wp-json\/wp\/v2\/pages"}],"about":[{"href":"https:\/\/balos-travel.com\/sv\/wp-json\/wp\/v2\/types\/page"}],"author":[{"embeddable":true,"href":"https:\/\/balos-travel.com\/sv\/wp-json\/wp\/v2\/users\/3"}],"replies":[{"embeddable":true,"href":"https:\/\/balos-travel.com\/sv\/wp-json\/wp\/v2\/comments?post=668"}],"version-history":[{"count":27,"href":"https:\/\/balos-travel.com\/sv\/wp-json\/wp\/v2\/pages\/668\/revisions"}],"predecessor-version":[{"id":6962,"href":"https:\/\/balos-travel.com\/sv\/wp-json\/wp\/v2\/pages\/668\/revisions\/6962"}],"wp:featuredmedia":[{"embeddable":true,"href":"https:\/\/balos-travel.com\/sv\/wp-json\/wp\/v2\/media\/4861"}],"wp:attachment":[{"href":"https:\/\/balos-travel.com\/sv\/wp-json\/wp\/v2\/media?parent=668"}],"curies":[{"name":"wp","href":"https:\/\/api.w.org\/{rel}","templated":true}]}}