{"id":652,"date":"2022-04-25T12:09:06","date_gmt":"2022-04-25T09:09:06","guid":{"rendered":"https:\/\/balos-travel.marketup.pro\/?page_id=652"},"modified":"2023-02-13T17:02:04","modified_gmt":"2023-02-13T15:02:04","slug":"cookie-policy","status":"publish","type":"page","link":"https:\/\/balos-travel.com\/sv\/cookie-policy\/","title":{"rendered":"Cookie-policy"},"content":{"rendered":"<div data-elementor-type=\"wp-page\" data-elementor-id=\"652\" class=\"elementor elementor-652\">\n\t\t\t\t\t\t\t\t\t<section class=\"elementor-section elementor-top-section elementor-element elementor-element-10b3777 ct-section-stretched elementor-section-height-min-height elementor-section-boxed elementor-section-height-default elementor-section-items-middle\" data-id=\"10b3777\" data-element_type=\"section\" data-settings=\"{&quot;jet_parallax_layout_list&quot;:[],&quot;background_background&quot;:&quot;classic&quot;}\">\n\t\t\t\t\t\t<div class=\"elementor-container elementor-column-gap-no\">\n\t\t\t\t\t<div class=\"elementor-column elementor-col-100 elementor-top-column elementor-element elementor-element-cf6acd7\" data-id=\"cf6acd7\" data-element_type=\"column\">\n\t\t\t<div class=\"elementor-widget-wrap elementor-element-populated\">\n\t\t\t\t\t\t\t\t<div class=\"elementor-element elementor-element-e00c0a7 elementor-widget elementor-widget-heading\" data-id=\"e00c0a7\" data-element_type=\"widget\" data-widget_type=\"heading.default\">\n\t\t\t\t<div class=\"elementor-widget-container\">\n\t\t\t<style>\/*! elementor - v3.7.8 - 02-10-2022 *\/\n.elementor-heading-title{padding:0;margin:0;line-height:1}.elementor-widget-heading .elementor-heading-title[class*=elementor-size-]>a{color:inherit;font-size:inherit;line-height:inherit}.elementor-widget-heading .elementor-heading-title.elementor-size-small{font-size:15px}.elementor-widget-heading .elementor-heading-title.elementor-size-medium{font-size:19px}.elementor-widget-heading .elementor-heading-title.elementor-size-large{font-size:29px}.elementor-widget-heading .elementor-heading-title.elementor-size-xl{font-size:39px}.elementor-widget-heading .elementor-heading-title.elementor-size-xxl{font-size:59px}<\/style><h1 class=\"elementor-heading-title elementor-size-default\">Cookie-policy<\/h1>\t\t<\/div>\n\t\t\t\t<\/div>\n\t\t\t\t<div class=\"elementor-element elementor-element-3370c03 elementor-widget elementor-widget-heading\" data-id=\"3370c03\" data-element_type=\"widget\" data-widget_type=\"heading.default\">\n\t\t\t\t<div class=\"elementor-widget-container\">\n\t\t\t<h2 class=\"elementor-heading-title elementor-size-default\">L\u00e4s v\u00e5r Cookie Policy<\/h2>\t\t<\/div>\n\t\t\t\t<\/div>\n\t\t\t\t<section class=\"elementor-section elementor-inner-section elementor-element elementor-element-070b49a elementor-section-boxed elementor-section-height-default elementor-section-height-default\" data-id=\"070b49a\" data-element_type=\"section\" data-settings=\"{&quot;jet_parallax_layout_list&quot;:[]}\">\n\t\t\t\t\t\t<div class=\"elementor-container elementor-column-gap-no\">\n\t\t\t\t\t<div class=\"elementor-column elementor-col-100 elementor-inner-column elementor-element elementor-element-93062b4\" data-id=\"93062b4\" data-element_type=\"column\">\n\t\t\t<div class=\"elementor-widget-wrap elementor-element-populated\">\n\t\t\t\t\t\t\t\t<div class=\"elementor-element elementor-element-95008e0 elementor-widget elementor-widget-jet-breadcrumbs\" data-id=\"95008e0\" data-element_type=\"widget\" data-widget_type=\"jet-breadcrumbs.default\">\n\t\t\t\t<div class=\"elementor-widget-container\">\n\t\t\t<div class=\"elementor-jet-breadcrumbs jet-blocks\">\n\t\t<div class=\"jet-breadcrumbs\">\n\t\t<div class=\"jet-breadcrumbs__content\">\n\t\t<div class=\"jet-breadcrumbs__wrap\"><div class=\"jet-breadcrumbs__item\"><a href=\"https:\/\/balos-travel.com\/sv\/\" class=\"jet-breadcrumbs__item-link is-home\" rel=\"home\" title=\"Hem\">Hem<\/a><\/div>\n\t\t<\/div>\n\t\t<\/div>\n\t\t<\/div><\/div>\t\t<\/div>\n\t\t\t\t<\/div>\n\t\t\t\t\t<\/div>\n\t\t<\/div>\n\t\t\t\t\t\t\t<\/div>\n\t\t<\/section>\n\t\t\t\t\t<\/div>\n\t\t<\/div>\n\t\t\t\t\t\t\t<\/div>\n\t\t<\/section>\n\t\t\t\t<section class=\"elementor-section elementor-top-section elementor-element elementor-element-fc8c29e elementor-section-boxed elementor-section-height-default elementor-section-height-default\" data-id=\"fc8c29e\" data-element_type=\"section\" data-settings=\"{&quot;jet_parallax_layout_list&quot;:[]}\">\n\t\t\t\t\t\t<div class=\"elementor-container elementor-column-gap-no\">\n\t\t\t\t\t<div class=\"elementor-column elementor-col-100 elementor-top-column elementor-element elementor-element-0b2822d\" data-id=\"0b2822d\" data-element_type=\"column\">\n\t\t\t<div class=\"elementor-widget-wrap elementor-element-populated\">\n\t\t\t\t\t\t\t\t<div class=\"elementor-element elementor-element-3e7b579 elementor-widget elementor-widget-text-editor\" data-id=\"3e7b579\" data-element_type=\"widget\" data-widget_type=\"text-editor.default\">\n\t\t\t\t<div class=\"elementor-widget-container\">\n\t\t\t<style>\/*! elementor - v3.7.8 - 02-10-2022 *\/\n.elementor-widget-text-editor.elementor-drop-cap-view-stacked .elementor-drop-cap{background-color:#818a91;color:#fff}.elementor-widget-text-editor.elementor-drop-cap-view-framed .elementor-drop-cap{color:#818a91;border:3px solid;background-color:transparent}.elementor-widget-text-editor:not(.elementor-drop-cap-view-default) .elementor-drop-cap{margin-top:8px}.elementor-widget-text-editor:not(.elementor-drop-cap-view-default) .elementor-drop-cap-letter{width:1em;height:1em}.elementor-widget-text-editor .elementor-drop-cap{float:left;text-align:center;line-height:1;font-size:50px}.elementor-widget-text-editor .elementor-drop-cap-letter{display:inline-block}<\/style>\t\t\t\t<p><strong>Vad \u00e4r kakor?<\/strong><\/p><p>Som vanligt p\u00e5 n\u00e4stan alla professionella webbplatser anv\u00e4nder denna webbplats cookies, som \u00e4r sm\u00e5 filer som laddas ner till din dator, f\u00f6r att f\u00f6rb\u00e4ttra din upplevelse. P\u00e5 den h\u00e4r sidan beskrivs vilken information de samlar in, hur vi anv\u00e4nder den och varf\u00f6r vi ibland beh\u00f6ver lagra dessa kakor. Vi ber\u00e4ttar ocks\u00e5 hur du kan f\u00f6rhindra att dessa kakor lagras, men detta kan dock leda till att vissa delar av webbplatsens funktionalitet f\u00f6rs\u00e4mras eller \"bryts\".<\/p><p>F\u00f6r mer allm\u00e4n information om cookies, se Wikipedia-artikeln om HTTP-cookies...<\/p><p><strong>Hur vi anv\u00e4nder cookies<\/strong><\/p><p>Vi anv\u00e4nder cookies av olika sk\u00e4l som beskrivs nedan. Tyv\u00e4rr finns det i de flesta fall inga standardalternativ f\u00f6r att inaktivera cookies utan att helt inaktivera den funktionalitet och de funktioner som de tillf\u00f6r den h\u00e4r webbplatsen. Det rekommenderas att du l\u00e5ter alla cookies vara aktiverade om du inte \u00e4r s\u00e4ker p\u00e5 om du beh\u00f6ver dem eller inte, om de anv\u00e4nds f\u00f6r att tillhandah\u00e5lla en tj\u00e4nst som du anv\u00e4nder.<\/p><p><strong>Inaktivera cookies<\/strong><\/p><p>Du kan f\u00f6rhindra att cookies s\u00e4tts genom att justera inst\u00e4llningarna i din webbl\u00e4sare (se webbl\u00e4sarens hj\u00e4lp f\u00f6r hur du g\u00f6r detta). Var medveten om att om du inaktiverar cookies kommer det att p\u00e5verka funktionaliteten p\u00e5 denna och m\u00e5nga andra webbplatser som du bes\u00f6ker. Om du inaktiverar cookies kommer du vanligtvis ocks\u00e5 att inaktivera vissa funktioner och egenskaper p\u00e5 denna webbplats. Det rekommenderas d\u00e4rf\u00f6r att du inte inaktiverar cookies.<\/p><p><strong>Cookies som vi anv\u00e4nder<\/strong><\/p><p>Om du skapar ett konto hos oss kommer vi att anv\u00e4nda cookies f\u00f6r att hantera registreringsprocessen och den allm\u00e4nna administrationen. Dessa cookies raderas vanligtvis n\u00e4r du loggar ut, men i vissa fall kan de finnas kvar efter\u00e5t f\u00f6r att komma ih\u00e5g dina preferenser p\u00e5 webbplatsen n\u00e4r du \u00e4r utloggad.<\/p><p>Vi anv\u00e4nder cookies n\u00e4r du \u00e4r inloggad s\u00e5 att vi kan komma ih\u00e5g detta. P\u00e5 s\u00e5 s\u00e4tt slipper du logga in varje g\u00e5ng du bes\u00f6ker en ny sida. Dessa cookies tas vanligtvis bort eller rensas n\u00e4r du loggar ut f\u00f6r att se till att du endast kan f\u00e5 tillg\u00e5ng till begr\u00e4nsade funktioner och omr\u00e5den n\u00e4r du \u00e4r inloggad.<\/p><p>Den h\u00e4r webbplatsen erbjuder prenumerationstj\u00e4nster f\u00f6r nyhetsbrev eller e-post och cookies kan anv\u00e4ndas f\u00f6r att komma ih\u00e5g om du redan \u00e4r registrerad och f\u00f6r att visa vissa meddelanden som kanske bara g\u00e4ller f\u00f6r prenumererade\/avregistrerade anv\u00e4ndare.<\/p><p>N\u00e4r du skickar in uppgifter via ett formul\u00e4r, t.ex. p\u00e5 kontaktsidor eller kommentarsformul\u00e4r, kan cookies st\u00e4llas in f\u00f6r att komma ih\u00e5g dina anv\u00e4ndaruppgifter f\u00f6r framtida korrespondens.<\/p><p>F\u00f6r att ge dig en bra upplevelse p\u00e5 den h\u00e4r webbplatsen tillhandah\u00e5ller vi funktionalitet f\u00f6r att st\u00e4lla in dina preferenser f\u00f6r hur webbplatsen fungerar n\u00e4r du anv\u00e4nder den. F\u00f6r att komma ih\u00e5g dina preferenser m\u00e5ste vi st\u00e4lla in cookies s\u00e5 att denna information kan kallas n\u00e4r du interagerar med en sida som p\u00e5verkas av dina preferenser.<\/p><p><strong>Cookies fr\u00e5n tredje part<\/strong><\/p><p>I vissa speciella fall anv\u00e4nder vi ocks\u00e5 cookies som tillhandah\u00e5lls av betrodda tredje parter. I f\u00f6ljande avsnitt beskrivs vilka cookies fr\u00e5n tredje part som du kan st\u00f6ta p\u00e5 p\u00e5 denna webbplats.<\/p><p>Den h\u00e4r webbplatsen anv\u00e4nder Google Analytics, som \u00e4r en av de mest utbredda och p\u00e5litliga analysl\u00f6sningarna p\u00e5 webben f\u00f6r att hj\u00e4lpa oss att f\u00f6rst\u00e5 hur du anv\u00e4nder webbplatsen och hur vi kan f\u00f6rb\u00e4ttra din upplevelse. Dessa cookies kan sp\u00e5ra saker som hur l\u00e4nge du tillbringar p\u00e5 webbplatsen och vilka sidor du bes\u00f6ker s\u00e5 att vi kan forts\u00e4tta att producera engagerande inneh\u00e5ll.<\/p><p>Mer information om Google Analytics-cookies finns p\u00e5 den officiella Google Analytics-sidan.<\/p><p>D\u00e5 och d\u00e5 testar vi nya funktioner och g\u00f6r subtila \u00e4ndringar i hur webbplatsen levereras. N\u00e4r vi fortfarande testar nya funktioner kan dessa cookies anv\u00e4ndas f\u00f6r att se till att du f\u00e5r en enhetlig upplevelse n\u00e4r du bes\u00f6ker webbplatsen, samtidigt som vi f\u00f6rst\u00e5r vilka optimeringar som v\u00e5ra anv\u00e4ndare uppskattar mest.<\/p><p>Eftersom vi s\u00e4ljer produkter \u00e4r det viktigt f\u00f6r oss att f\u00e5 statistik \u00f6ver hur m\u00e5nga av bes\u00f6karna p\u00e5 v\u00e5r webbplats som faktiskt k\u00f6per n\u00e5got, och det \u00e4r den typen av data som dessa cookies kommer att sp\u00e5ra. Detta \u00e4r viktigt f\u00f6r dig eftersom det inneb\u00e4r att vi kan g\u00f6ra korrekta aff\u00e4rsprognoser som g\u00f6r att vi kan \u00f6vervaka v\u00e5ra reklam- och produktkostnader f\u00f6r att s\u00e4kerst\u00e4lla b\u00e4sta m\u00f6jliga pris.<\/p><p>Vi anv\u00e4nder annonser f\u00f6r att t\u00e4cka kostnaderna f\u00f6r att driva webbplatsen och f\u00f6r att finansiera vidareutveckling. De cookies f\u00f6r beteendebaserad annonsering som anv\u00e4nds p\u00e5 den h\u00e4r webbplatsen \u00e4r utformade f\u00f6r att se till att vi ger dig de mest relevanta annonserna d\u00e4r det \u00e4r m\u00f6jligt genom att anonymt sp\u00e5ra dina intressen och presentera liknande saker som kan vara av intresse.<\/p><p>Vi anv\u00e4nder ocks\u00e5 knappar och\/eller plugins f\u00f6r sociala medier p\u00e5 den h\u00e4r webbplatsen som g\u00f6r det m\u00f6jligt f\u00f6r dig att ansluta till ditt sociala n\u00e4tverk p\u00e5 olika s\u00e4tt. F\u00f6r att dessa ska fungera kommer f\u00f6ljande sociala medier, inklusive Facebook, Google+, LinekdIn och Instagram, att st\u00e4lla in cookies via v\u00e5r webbplats som kan anv\u00e4ndas f\u00f6r att f\u00f6rb\u00e4ttra din profil p\u00e5 deras webbplats eller bidra till de uppgifter som de innehar f\u00f6r olika \u00e4ndam\u00e5l som beskrivs i deras respektive sekretesspolicyer.<\/p><p><strong>Mer information<\/strong><\/p><p>F\u00f6rhoppningsvis har detta klargjort saker och ting f\u00f6r dig och som tidigare n\u00e4mnts, om det finns n\u00e5got som du inte \u00e4r s\u00e4ker p\u00e5 om du beh\u00f6ver eller inte, \u00e4r det vanligtvis s\u00e4krare att l\u00e5ta cookies vara aktiverade om det skulle interagera med n\u00e5gon av de funktioner du anv\u00e4nder p\u00e5 v\u00e5r webbplats. Men om du fortfarande vill ha mer information kan du kontakta oss via en av v\u00e5ra f\u00f6redragna kontaktmetoder.<\/p><p>E-post: <a href=\"mailto:info@balos-travel.com\">info@balos-travel.com<\/a><\/p><p>Telefon: <a href=\"tel:+302822022900\">(+30) 28220 22900<\/a><\/p>\t\t\t\t\t\t<\/div>\n\t\t\t\t<\/div>\n\t\t\t\t\t<\/div>\n\t\t<\/div>\n\t\t\t\t\t\t\t<\/div>\n\t\t<\/section>\n\t\t\t\t\t\t\t<\/div>","protected":false},"excerpt":{"rendered":"<p>Cookiepolicy L\u00e4s v\u00e5r cookiepolicy Hem Vad \u00e4r cookies Som vanligt p\u00e5 n\u00e4stan alla professionella webbplatser anv\u00e4nder denna webbplats cookies, som \u00e4r sm\u00e5 filer som laddas ner till din dator, f\u00f6r att f\u00f6rb\u00e4ttra din upplevelse. P\u00e5 den h\u00e4r sidan beskrivs vilken information de samlar in, hur vi anv\u00e4nder den och varf\u00f6r vi ibland beh\u00f6ver lagra dessa cookies. Vi ber\u00e4ttar ocks\u00e5 hur du kan f\u00f6rhindra att dessa kakor lagras, men detta kan dock leda till att vissa delar av webbplatsens funktionalitet f\u00f6rs\u00e4mras eller \"bryts\". F\u00f6r mer allm\u00e4n information om cookies se Wikipedia-artikeln om HTTP Cookies... Hur vi anv\u00e4nder cookies Vi...<\/p>","protected":false},"author":3,"featured_media":0,"parent":0,"menu_order":0,"comment_status":"closed","ping_status":"closed","template":"elementor_header_footer","meta":[],"blocksy_meta":{"styles_descriptor":{"styles":{"desktop":"","tablet":"","mobile":""},"google_fonts":[],"version":5}},"_links":{"self":[{"href":"https:\/\/balos-travel.com\/sv\/wp-json\/wp\/v2\/pages\/652"}],"collection":[{"href":"https:\/\/balos-travel.com\/sv\/wp-json\/wp\/v2\/pages"}],"about":[{"href":"https:\/\/balos-travel.com\/sv\/wp-json\/wp\/v2\/types\/page"}],"author":[{"embeddable":true,"href":"https:\/\/balos-travel.com\/sv\/wp-json\/wp\/v2\/users\/3"}],"replies":[{"embeddable":true,"href":"https:\/\/balos-travel.com\/sv\/wp-json\/wp\/v2\/comments?post=652"}],"version-history":[{"count":8,"href":"https:\/\/balos-travel.com\/sv\/wp-json\/wp\/v2\/pages\/652\/revisions"}],"predecessor-version":[{"id":6965,"href":"https:\/\/balos-travel.com\/sv\/wp-json\/wp\/v2\/pages\/652\/revisions\/6965"}],"wp:attachment":[{"href":"https:\/\/balos-travel.com\/sv\/wp-json\/wp\/v2\/media?parent=652"}],"curies":[{"name":"wp","href":"https:\/\/api.w.org\/{rel}","templated":true}]}}