{"id":647,"date":"2022-04-25T12:02:59","date_gmt":"2022-04-25T09:02:59","guid":{"rendered":"https:\/\/balos-travel.marketup.pro\/?page_id=647"},"modified":"2023-02-13T17:01:43","modified_gmt":"2023-02-13T15:01:43","slug":"covid-19","status":"publish","type":"page","link":"https:\/\/balos-travel.com\/sv\/covid-19\/","title":{"rendered":"Covid-19"},"content":{"rendered":"<div data-elementor-type=\"wp-page\" data-elementor-id=\"647\" class=\"elementor elementor-647\">\n\t\t\t\t\t\t\t\t\t<section class=\"elementor-section elementor-top-section elementor-element elementor-element-5150ade ct-section-stretched elementor-section-height-min-height elementor-section-boxed elementor-section-height-default elementor-section-items-middle\" data-id=\"5150ade\" data-element_type=\"section\" data-settings=\"{&quot;jet_parallax_layout_list&quot;:[],&quot;background_background&quot;:&quot;classic&quot;}\">\n\t\t\t\t\t\t<div class=\"elementor-container elementor-column-gap-no\">\n\t\t\t\t\t<div class=\"elementor-column elementor-col-100 elementor-top-column elementor-element elementor-element-902dbcd\" data-id=\"902dbcd\" data-element_type=\"column\">\n\t\t\t<div class=\"elementor-widget-wrap elementor-element-populated\">\n\t\t\t\t\t\t\t\t<div class=\"elementor-element elementor-element-192a31b elementor-widget elementor-widget-heading\" data-id=\"192a31b\" data-element_type=\"widget\" data-widget_type=\"heading.default\">\n\t\t\t\t<div class=\"elementor-widget-container\">\n\t\t\t<style>\/*! elementor - v3.7.8 - 02-10-2022 *\/\n.elementor-heading-title{padding:0;margin:0;line-height:1}.elementor-widget-heading .elementor-heading-title[class*=elementor-size-]>a{color:inherit;font-size:inherit;line-height:inherit}.elementor-widget-heading .elementor-heading-title.elementor-size-small{font-size:15px}.elementor-widget-heading .elementor-heading-title.elementor-size-medium{font-size:19px}.elementor-widget-heading .elementor-heading-title.elementor-size-large{font-size:29px}.elementor-widget-heading .elementor-heading-title.elementor-size-xl{font-size:39px}.elementor-widget-heading .elementor-heading-title.elementor-size-xxl{font-size:59px}<\/style><h1 class=\"elementor-heading-title elementor-size-default\">COVID-19<\/h1>\t\t<\/div>\n\t\t\t\t<\/div>\n\t\t\t\t<div class=\"elementor-element elementor-element-554addb elementor-widget elementor-widget-heading\" data-id=\"554addb\" data-element_type=\"widget\" data-widget_type=\"heading.default\">\n\t\t\t\t<div class=\"elementor-widget-container\">\n\t\t\t<h2 class=\"elementor-heading-title elementor-size-default\">SUMMER 2026<\/h2>\t\t<\/div>\n\t\t\t\t<\/div>\n\t\t\t\t<section class=\"elementor-section elementor-inner-section elementor-element elementor-element-0605ce9 elementor-section-boxed elementor-section-height-default elementor-section-height-default\" data-id=\"0605ce9\" data-element_type=\"section\" data-settings=\"{&quot;jet_parallax_layout_list&quot;:[]}\">\n\t\t\t\t\t\t<div class=\"elementor-container elementor-column-gap-no\">\n\t\t\t\t\t<div class=\"elementor-column elementor-col-100 elementor-inner-column elementor-element elementor-element-c6f4b12\" data-id=\"c6f4b12\" data-element_type=\"column\">\n\t\t\t<div class=\"elementor-widget-wrap elementor-element-populated\">\n\t\t\t\t\t\t\t\t<div class=\"elementor-element elementor-element-7481bb6 elementor-widget elementor-widget-jet-breadcrumbs\" data-id=\"7481bb6\" data-element_type=\"widget\" data-widget_type=\"jet-breadcrumbs.default\">\n\t\t\t\t<div class=\"elementor-widget-container\">\n\t\t\t<div class=\"elementor-jet-breadcrumbs jet-blocks\">\n\t\t<div class=\"jet-breadcrumbs\">\n\t\t<div class=\"jet-breadcrumbs__content\">\n\t\t<div class=\"jet-breadcrumbs__wrap\"><div class=\"jet-breadcrumbs__item\"><a href=\"https:\/\/balos-travel.com\/sv\/\" class=\"jet-breadcrumbs__item-link is-home\" rel=\"home\" title=\"Hem\">Hem<\/a><\/div>\n\t\t<\/div>\n\t\t<\/div>\n\t\t<\/div><\/div>\t\t<\/div>\n\t\t\t\t<\/div>\n\t\t\t\t\t<\/div>\n\t\t<\/div>\n\t\t\t\t\t\t\t<\/div>\n\t\t<\/section>\n\t\t\t\t\t<\/div>\n\t\t<\/div>\n\t\t\t\t\t\t\t<\/div>\n\t\t<\/section>\n\t\t\t\t<section class=\"elementor-section elementor-top-section elementor-element elementor-element-d1f1b5a elementor-section-boxed elementor-section-height-default elementor-section-height-default\" data-id=\"d1f1b5a\" data-element_type=\"section\" data-settings=\"{&quot;jet_parallax_layout_list&quot;:[]}\">\n\t\t\t\t\t\t<div class=\"elementor-container elementor-column-gap-no\">\n\t\t\t\t\t<div class=\"elementor-column elementor-col-100 elementor-top-column elementor-element elementor-element-1b3da0c\" data-id=\"1b3da0c\" data-element_type=\"column\">\n\t\t\t<div class=\"elementor-widget-wrap elementor-element-populated\">\n\t\t\t\t\t\t\t\t<div class=\"elementor-element elementor-element-f405e17 elementor-widget elementor-widget-text-editor\" data-id=\"f405e17\" data-element_type=\"widget\" data-widget_type=\"text-editor.default\">\n\t\t\t\t<div class=\"elementor-widget-container\">\n\t\t\t<style>\/*! elementor - v3.7.8 - 02-10-2022 *\/\n.elementor-widget-text-editor.elementor-drop-cap-view-stacked .elementor-drop-cap{background-color:#818a91;color:#fff}.elementor-widget-text-editor.elementor-drop-cap-view-framed .elementor-drop-cap{color:#818a91;border:3px solid;background-color:transparent}.elementor-widget-text-editor:not(.elementor-drop-cap-view-default) .elementor-drop-cap{margin-top:8px}.elementor-widget-text-editor:not(.elementor-drop-cap-view-default) .elementor-drop-cap-letter{width:1em;height:1em}.elementor-widget-text-editor .elementor-drop-cap{float:left;text-align:center;line-height:1;font-size:50px}.elementor-widget-text-editor .elementor-drop-cap-letter{display:inline-block}<\/style>\t\t\t\t<p>Turismministeriet genomf\u00f6r en v\u00e4l utformad politik mot Covid-19 , f\u00f6r alla som vill bes\u00f6ka det vackra landet Grekland.<br \/>Samtliga \u00e5tg\u00e4rder som r\u00f6r Greklands bes\u00f6kare presenteras i\u00a0<a href=\"https:\/\/travel.gov.gr\/#\/\" target=\"_blank\" rel=\"noopener\">https:\/\/travel.gov.gr\/#\/<\/a><br \/>D\u00e4r kan alla hitta och fylla i PLF-formul\u00e4ret (Passengers Location Form) innan de anl\u00e4nder till landet.<br \/>N\u00e4r bes\u00f6karna v\u00e4l \u00e4r i Grekland kan de hitta mycket nyttig information om h\u00e4lsofr\u00e5gor i\u00a0<a href=\"https:\/\/greecehealthfirst.gr\/\" target=\"_blank\" rel=\"noopener\">https:\/\/greecehealthfirst.gr<\/a><br \/>P\u00e5 denna webbplats kan bes\u00f6karna ladda ner en applikation som heter VisitGreece, som ger viktig information om platserna f\u00f6r diagnostiska tester under vistelsen och f\u00f6re avresan.<\/p><p>Detta initiativ \u00e4r ett effektivt s\u00e4tt att garantera s\u00e4kerheten f\u00f6r bes\u00f6kare och inv\u00e5nare i landet och d\u00e4rmed uppr\u00e4tth\u00e5lla en k\u00e4nsla av trygghet under hela sommars\u00e4songen.<br \/>Alla bes\u00f6kare rekommenderas att ladda ner Visit Greece-appen (GDPR-kompatibel) gratis (fr\u00e5n\u00a0<a href=\"https:\/\/apps.apple.com\/us\/app\/visit-greece\/id1523802597\" target=\"_blank\" rel=\"noopener\">App Store<\/a>\u00a0eller .\u00a0<a href=\"https:\/\/play.google.com\/store\/apps\/details?id=com.visit_greece\" target=\"_blank\" rel=\"noopener\">Google Play<\/a>) f\u00f6re eller vid ankomsten till Grekland. #staysafe<\/p>\t\t\t\t\t\t<\/div>\n\t\t\t\t<\/div>\n\t\t\t\t<div class=\"elementor-element elementor-element-7dd5c4b elementor-widget elementor-widget-heading\" data-id=\"7dd5c4b\" data-element_type=\"widget\" data-widget_type=\"heading.default\">\n\t\t\t\t<div class=\"elementor-widget-container\">\n\t\t\t<h3 class=\"elementor-heading-title elementor-size-default\">COVID-19 &amp; BALOS TRAVEL<\/h3>\t\t<\/div>\n\t\t\t\t<\/div>\n\t\t\t\t<div class=\"elementor-element elementor-element-ea1e247 elementor-widget elementor-widget-text-editor\" data-id=\"ea1e247\" data-element_type=\"widget\" data-widget_type=\"text-editor.default\">\n\t\t\t\t<div class=\"elementor-widget-container\">\n\t\t\t\t\t\t\t<p>V\u00e5r byr\u00e5, Balos Travel, f\u00f6ljer troget h\u00e4lsoministeriets instruktioner f\u00f6r att hantera viruset Sars-Cov2 och undvika att det sprids till befolkningen.<br \/>Med h\u00e4nsyn till de h\u00e4lso- och s\u00e4kerhets\u00e5tg\u00e4rder som den nya epidemiologiska verkligheten kr\u00e4ver har vi anpassat v\u00e5ra turer och utflykter till de viktigaste m\u00e5len f\u00f6r h\u00e4lsa och s\u00e4kerhet f\u00f6r de personer som v\u00e4ljer att resa med oss.<br \/>V\u00e5r prioritet i denna nya verklighet \u00e4r att erbjuda v\u00e5ra tj\u00e4nster i en v\u00e4lbekant och helt s\u00e4ker milj\u00f6.<br \/>Alla anst\u00e4llda genomg\u00e5r snabba antigentester varje vecka.<br \/>De anv\u00e4nder ocks\u00e5 personlig skyddsutrustning och vidtar sanit\u00e4ra \u00e5tg\u00e4rder.<br \/>S\u00e4kerheten \u00e4r alltid v\u00e5r h\u00f6gsta prioritet och vi har arbetat h\u00e5rt f\u00f6r att se till att v\u00e5r \u00e5terkomst till resan blir lika s\u00e4ker som rolig! Vi str\u00e4var efter att g\u00f6ra din reseupplevelse bekymmersfri.<br \/>Ombord p\u00e5 v\u00e5ra bussar m\u00e5ste alla passagerare, personal och f\u00f6rare b\u00e4ra ansiktsmask hela tiden.<\/p><p>Alla passagerare ska ha med sig sina egna ansiktsmasker, som m\u00e5ste b\u00e4ras ordentligt hela tiden n\u00e4r de \u00e4r ombord p\u00e5 bussen.<\/p><p>Platsvalet g\u00f6rs vid upph\u00e4mtnings- eller avg\u00e5ngstiden och du kommer att beh\u00e5lla den platsen under hela resan.<br \/>Du f\u00e5r inte g\u00e5 ombord p\u00e5 bussen om du har identifierats som en \"n\u00e4ra kontakt\" till ett positivt COVID-19-fall under de senaste 14 dagarna, eller om du har blivit informerad om att du b\u00f6r isolera dig.<\/p><p>Ombordstigning kommer ocks\u00e5 att nekas om du har n\u00e5got av f\u00f6ljande symtom som inte \u00e4r relaterade till andra tillst\u00e5nd:<br \/>- Feber eller frossa<br \/>- Andningssv\u00e5righeter eller andn\u00f6d<br \/>- Hosta, ont i halsen, sv\u00e4ljningssv\u00e5righeter<br \/>- Rinnande n\u00e4sa\/f\u00f6rstoppning i n\u00e4san, minskad eller f\u00f6rlorad lukt eller smak<br \/>- Illam\u00e5ende eller kr\u00e4kningar, diarr\u00e9, buksm\u00e4rta<br \/>- K\u00e4nner dig d\u00e5lig, extrem tr\u00f6tthet, \u00f6mma muskler, rosa \u00f6gon<\/p><p>* Observera att ovanst\u00e5ende information \u00e4r aktuell enligt de b\u00e4sta metoder som finns tillg\u00e4ngliga vid den aktuella tidpunkten. Den kommer st\u00e4ndigt att anpassas vid behov f\u00f6r att s\u00e4kerst\u00e4lla att de h\u00f6gsta s\u00e4kerhetsstandarderna uppfylls.<\/p><p>**Vi vidtar alla f\u00f6rsiktighets\u00e5tg\u00e4rder f\u00f6r att garantera s\u00e4kerheten, men det finns en inneboende risk att exponeras f\u00f6r COVID 19 n\u00e4r vi befinner oss i milj\u00f6er med andra m\u00e4nniskor. Genom att resa accepterar du denna risk och f\u00f6rst\u00e5r att Balos Travel inte kan ansvara f\u00f6r n\u00e5gon COVID-19-exponering som du kan r\u00e5ka ut f\u00f6r under din resa, vare sig ombord p\u00e5 bussen\/b\u00e5ten eller p\u00e5 n\u00e5gon av de platser som bes\u00f6ks.<\/p>\t\t\t\t\t\t<\/div>\n\t\t\t\t<\/div>\n\t\t\t\t\t<\/div>\n\t\t<\/div>\n\t\t\t\t\t\t\t<\/div>\n\t\t<\/section>\n\t\t\t\t\t\t\t<\/div>","protected":false},"excerpt":{"rendered":"<p>COVID-19 Home Turismministeriet genomf\u00f6r en v\u00e4l utformad politik mot Covid-19 f\u00f6r alla som vill bes\u00f6ka det vackra landet Grekland. Alla \u00e5tg\u00e4rder som r\u00f6r Greklands bes\u00f6kare presenteras p\u00e5 https:\/\/travel.gov.gr\/#\/. D\u00e4r kan alla hitta och fylla i PLF-formul\u00e4ret (Passengers Location Form) innan de anl\u00e4nder till landet. N\u00e4r bes\u00f6karna v\u00e4l \u00e4r i Grekland kan de hitta m\u00e5nga anv\u00e4ndbara uppgifter om h\u00e4lsofr\u00e5gor p\u00e5 https:\/\/greecehealthfirst.gr. P\u00e5 denna webbplats kan bes\u00f6karna ladda ner en applikation som heter VisitGreece, som ger viktig information om platser f\u00f6r diagnostiska tester under vistelsen och f\u00f6re avresan.....<\/p>","protected":false},"author":3,"featured_media":0,"parent":0,"menu_order":0,"comment_status":"closed","ping_status":"closed","template":"elementor_header_footer","meta":[],"blocksy_meta":{"styles_descriptor":{"styles":{"desktop":"","tablet":"","mobile":""},"google_fonts":[],"version":5}},"_links":{"self":[{"href":"https:\/\/balos-travel.com\/sv\/wp-json\/wp\/v2\/pages\/647"}],"collection":[{"href":"https:\/\/balos-travel.com\/sv\/wp-json\/wp\/v2\/pages"}],"about":[{"href":"https:\/\/balos-travel.com\/sv\/wp-json\/wp\/v2\/types\/page"}],"author":[{"embeddable":true,"href":"https:\/\/balos-travel.com\/sv\/wp-json\/wp\/v2\/users\/3"}],"replies":[{"embeddable":true,"href":"https:\/\/balos-travel.com\/sv\/wp-json\/wp\/v2\/comments?post=647"}],"version-history":[{"count":8,"href":"https:\/\/balos-travel.com\/sv\/wp-json\/wp\/v2\/pages\/647\/revisions"}],"predecessor-version":[{"id":6964,"href":"https:\/\/balos-travel.com\/sv\/wp-json\/wp\/v2\/pages\/647\/revisions\/6964"}],"wp:attachment":[{"href":"https:\/\/balos-travel.com\/sv\/wp-json\/wp\/v2\/media?parent=647"}],"curies":[{"name":"wp","href":"https:\/\/api.w.org\/{rel}","templated":true}]}}