{"id":652,"date":"2022-04-25T12:09:06","date_gmt":"2022-04-25T09:09:06","guid":{"rendered":"https:\/\/balos-travel.marketup.pro\/?page_id=652"},"modified":"2023-02-13T17:02:04","modified_gmt":"2023-02-13T15:02:04","slug":"cookie-policy","status":"publish","type":"page","link":"https:\/\/balos-travel.com\/it\/politica-dei-cookie-2\/","title":{"rendered":"Informativa sui cookie"},"content":{"rendered":"<div data-elementor-type=\"wp-page\" data-elementor-id=\"652\" class=\"elementor elementor-652\">\n\t\t\t\t\t\t\t\t\t<section class=\"elementor-section elementor-top-section elementor-element elementor-element-10b3777 ct-section-stretched elementor-section-height-min-height elementor-section-boxed elementor-section-height-default elementor-section-items-middle\" data-id=\"10b3777\" data-element_type=\"section\" data-settings=\"{&quot;jet_parallax_layout_list&quot;:[],&quot;background_background&quot;:&quot;classic&quot;}\">\n\t\t\t\t\t\t<div class=\"elementor-container elementor-column-gap-no\">\n\t\t\t\t\t<div class=\"elementor-column elementor-col-100 elementor-top-column elementor-element elementor-element-cf6acd7\" data-id=\"cf6acd7\" data-element_type=\"column\">\n\t\t\t<div class=\"elementor-widget-wrap elementor-element-populated\">\n\t\t\t\t\t\t\t\t<div class=\"elementor-element elementor-element-e00c0a7 elementor-widget elementor-widget-heading\" data-id=\"e00c0a7\" data-element_type=\"widget\" data-widget_type=\"heading.default\">\n\t\t\t\t<div class=\"elementor-widget-container\">\n\t\t\t<style>\/*! elementor - v3.7.8 - 02-10-2022 *\/\n.elementor-heading-title{padding:0;margin:0;line-height:1}.elementor-widget-heading .elementor-heading-title[class*=elementor-size-]>a{color:inherit;font-size:inherit;line-height:inherit}.elementor-widget-heading .elementor-heading-title.elementor-size-small{font-size:15px}.elementor-widget-heading .elementor-heading-title.elementor-size-medium{font-size:19px}.elementor-widget-heading .elementor-heading-title.elementor-size-large{font-size:29px}.elementor-widget-heading .elementor-heading-title.elementor-size-xl{font-size:39px}.elementor-widget-heading .elementor-heading-title.elementor-size-xxl{font-size:59px}<\/style><h1 class=\"elementor-heading-title elementor-size-default\">Informativa sui cookie<\/h1>\t\t<\/div>\n\t\t\t\t<\/div>\n\t\t\t\t<div class=\"elementor-element elementor-element-3370c03 elementor-widget elementor-widget-heading\" data-id=\"3370c03\" data-element_type=\"widget\" data-widget_type=\"heading.default\">\n\t\t\t\t<div class=\"elementor-widget-container\">\n\t\t\t<h2 class=\"elementor-heading-title elementor-size-default\">Leggi la nostra Informativa sui Cookie<\/h2>\t\t<\/div>\n\t\t\t\t<\/div>\n\t\t\t\t<section class=\"elementor-section elementor-inner-section elementor-element elementor-element-070b49a elementor-section-boxed elementor-section-height-default elementor-section-height-default\" data-id=\"070b49a\" data-element_type=\"section\" data-settings=\"{&quot;jet_parallax_layout_list&quot;:[]}\">\n\t\t\t\t\t\t<div class=\"elementor-container elementor-column-gap-no\">\n\t\t\t\t\t<div class=\"elementor-column elementor-col-100 elementor-inner-column elementor-element elementor-element-93062b4\" data-id=\"93062b4\" data-element_type=\"column\">\n\t\t\t<div class=\"elementor-widget-wrap elementor-element-populated\">\n\t\t\t\t\t\t\t\t<div class=\"elementor-element elementor-element-95008e0 elementor-widget elementor-widget-jet-breadcrumbs\" data-id=\"95008e0\" data-element_type=\"widget\" data-widget_type=\"jet-breadcrumbs.default\">\n\t\t\t\t<div class=\"elementor-widget-container\">\n\t\t\t<div class=\"elementor-jet-breadcrumbs jet-blocks\">\n\t\t<div class=\"jet-breadcrumbs\">\n\t\t<div class=\"jet-breadcrumbs__content\">\n\t\t<div class=\"jet-breadcrumbs__wrap\"><div class=\"jet-breadcrumbs__item\"><a href=\"https:\/\/balos-travel.com\/it\/\" class=\"jet-breadcrumbs__item-link is-home\" rel=\"home\" title=\"Casa\">Casa<\/a><\/div>\n\t\t<\/div>\n\t\t<\/div>\n\t\t<\/div><\/div>\t\t<\/div>\n\t\t\t\t<\/div>\n\t\t\t\t\t<\/div>\n\t\t<\/div>\n\t\t\t\t\t\t\t<\/div>\n\t\t<\/section>\n\t\t\t\t\t<\/div>\n\t\t<\/div>\n\t\t\t\t\t\t\t<\/div>\n\t\t<\/section>\n\t\t\t\t<section class=\"elementor-section elementor-top-section elementor-element elementor-element-fc8c29e elementor-section-boxed elementor-section-height-default elementor-section-height-default\" data-id=\"fc8c29e\" data-element_type=\"section\" data-settings=\"{&quot;jet_parallax_layout_list&quot;:[]}\">\n\t\t\t\t\t\t<div class=\"elementor-container elementor-column-gap-no\">\n\t\t\t\t\t<div class=\"elementor-column elementor-col-100 elementor-top-column elementor-element elementor-element-0b2822d\" data-id=\"0b2822d\" data-element_type=\"column\">\n\t\t\t<div class=\"elementor-widget-wrap elementor-element-populated\">\n\t\t\t\t\t\t\t\t<div class=\"elementor-element elementor-element-3e7b579 elementor-widget elementor-widget-text-editor\" data-id=\"3e7b579\" data-element_type=\"widget\" data-widget_type=\"text-editor.default\">\n\t\t\t\t<div class=\"elementor-widget-container\">\n\t\t\t<style>\/*! elementor - v3.7.8 - 02-10-2022 *\/\n.elementor-widget-text-editor.elementor-drop-cap-view-stacked .elementor-drop-cap{background-color:#818a91;color:#fff}.elementor-widget-text-editor.elementor-drop-cap-view-framed .elementor-drop-cap{color:#818a91;border:3px solid;background-color:transparent}.elementor-widget-text-editor:not(.elementor-drop-cap-view-default) .elementor-drop-cap{margin-top:8px}.elementor-widget-text-editor:not(.elementor-drop-cap-view-default) .elementor-drop-cap-letter{width:1em;height:1em}.elementor-widget-text-editor .elementor-drop-cap{float:left;text-align:center;line-height:1;font-size:50px}.elementor-widget-text-editor .elementor-drop-cap-letter{display:inline-block}<\/style>\t\t\t\t<p><strong>Cosa sono i Cookie<\/strong><\/p><p>Pratica comune dei siti web professionali \u00e8 quella di utilizzare i cookie, che sono file che vengono scaricati sul computer, che anche il nostro sito utilizza, per migliorare la vostra esperienza. Questa pagina descrive quali informazioni raccolgono, come le usiamo e perch\u00e9 a volte abbiamo bisogno di memorizzare questi cookie. Condivideremo anche il modo in cui \u00e8 possibile impedire che questi cookie vengano memorizzati, tuttavia questo potrebbe interferire con alcuni elementi della funzionalit\u00e0 del sito.<\/p><p>Per maggiori informazioni sui cookie leggere l'articolo di Wikipedia sui cookie...<\/p><p><strong>Come usiamo i Cookie<\/strong><\/p><p>Le motivazioni per cui noi utilizziamo i cookies verranno descritte in seguito. Sfortunatamente non ci sono opzioni standard per disabilitare i cookie senza disabilitare completamente le funzionalit\u00e0 che aggiungono a questo sito. Si consiglia di lasciare tutti i cookie abilitati se non si \u00e8 sicuri di averne bisogno o meno, specialmente nel caso in cui vengono utilizzati per fornire un servizio di cui avrete bisogno.<\/p><p><strong>Disabilitare i Cookie<\/strong><\/p><p>\u00c8 possibile impedire l'impostazione dei cookie modificando le impostazioni del browser (vedere la Guida del browser per informazioni su come farlo). Tieni presente che la disattivazione dei cookie influir\u00e0 sulla funzionalit\u00e0 di questo e di molti altri siti Web che visiti. Pertanto si consiglia di non disabilitare i cookie.<\/p><p><strong>I Cookie che abbiamo impostato<\/strong><\/p><p>Se crei un account con noi, utilizzeremo i cookie per la gestione del processo di registrazione e l'amministrazione generale. Questi cookie di solito vengono eliminati quando si effettua il logout, tuttavia in alcuni casi potrebbero rimanere in seguito per ricordare le preferenze quando si \u00e8 disconnessi.<\/p><p>Utilizziamo i cookie in modo che, una volta effettuato l'accesso, non ci sia pi\u00f9 bisogno di accedere ogni volta che si visita una nuova pagina. Questi cookie vengono in genere cancellati quando l'utente si disconnette per far si che l'utente possa accedere solo alle funzionalit\u00e0 e alle aree riservate quando effettua l'accesso.<\/p><p>Questo sito offre servizi di newsletter o abbonamento e-mail e i cookie possono essere utilizzati per ricordare se sei gi\u00e0 registrato e se mostrare determinate notifiche che potrebbero essere valide solo per gli utenti iscritti\/ cancellati.<\/p><p>Quando si inviano dati a attraverso un modulo come quelli che si trovano nelle pagine di contatto o commento, i cookie possono essere impostati per ricordare i dettagli dell'utente facilitando quindi la corrispondenza futura.<\/p><p>Al fine di fornire una piacevole esperienza su questo sito vi offriamo anche la possibilit\u00e0 di stabilire le vostre preferenze. Per ricordare le tue preferenze dobbiamo impostare i cookie in modo che queste informazioni possano essere richiamate ogni volta che interagisci con una pagina che verr\u00e0 quindi influenzata dalle tue preferenze.<\/p><p><strong>Cookie di Terze Parti<\/strong><\/p><p>In alcuni casi particolari utilizziamo anche cookie forniti da terze parti affidabili. La sezione seguente specifica quali cookie di terze parti utilizza questo sito.<\/p><p>Questo sito utilizza Google Analytics, una delle soluzioni di analisi pi\u00f9 diffuse e affidabili sul web, per aiutarci a capire come utilizzi il sito e i modi in cui possiamo migliorare la tua esperienza. Questi cookie possono tenere traccia di cose come quanto tempo si spende sul sito e le pagine che visitate, che ci permette di capire come migliorare i nostri contenuti o aggiungerne altri di pi\u00f9 coinvolgenti.<\/p><p>Per maggiori informazioni sui cookie di Google Analytics, consulta la pagina ufficiale di Google Analytics.<\/p><p>Di tanto in tanto testiamo nuove funzionalit\u00e0 e apportiamo modifiche al sito. Quando stiamo ancora testando nuove funzionalit\u00e0, questi cookie possono essere utilizzati per garantire che l'utente riceva un'esperienza coerente mentre \u00e8 sul sito, assicurando al contempo di capire quali ottimizzazioni i nostri utenti apprezzano di pi\u00f9.<\/p><p>Poich\u00e9 vendiamo prodotti \u00e8 importante per noi capire le statistiche su quanti visitatori del nostro sito effettuano effettivamente un acquisto e come tale questo \u00e8 il tipo di dati che questi cookie monitoreranno. Questo ci permette di migliorare l'esperienza degli utenti all'interno del nostro sito tramite una migliore gestione delle pubblicit\u00e0 e anche revisioni ai costi dei servizi che offriamo.<\/p><p>Utilizziamo annunci pubblicitari per compensare i costi di gestione di questo sito e per finanziarne lo sviluppo. I cookie pubblicitari utilizzati da questo sito sono progettati per garantire che vi vengano mostrati gli annunci pi\u00f9 pertinenti, ove possibile, tracciando in modo anonimo i vostri interessi e presentando cose simili che possano interessarvi.<\/p><p>Il nostro sito permette anche di connettervisi tramite diversi social media in pochi click tramite link o plugin. Per far si che i seguenti social media, tra cui Facebook, Google+, LinekdIn, Instagram, attraverso il nostro sito i cookie verranno impostati in modo da poter essere utilizzati per migliorare il tuo profilo sul loro sito o contribuire ai dati in loro possesso per varie finalit\u00e0 descritte nelle rispettive politiche sulla privacy.<\/p><p><strong>Altre Informazioni<\/strong><\/p><p>Speriamo che ora tutto sia chiaro per voi e, come \u00e8 stato precedentemente menzionato, se  non si \u00e8 sicuri se avete bisogno o meno dei cookie di solito \u00e8 pi\u00f9 sicuro di lasciarli abilitati nel caso in cui interagiate con le funzionalit\u00e0 del nostro sito. Tuttavia, se stai ancora cercando ulteriori informazioni, puoi contattarci tramite uno dei nostri metodi di contatto preferiti.<\/p><p>E-mail: <a href=\"mailto:info@balos-travel.com\">info@balos-travel.com<\/a><\/p><p>Telefono: <a href=\"tel:+302822022900\">(+30) 28220 22900<\/a><\/p>\t\t\t\t\t\t<\/div>\n\t\t\t\t<\/div>\n\t\t\t\t\t<\/div>\n\t\t<\/div>\n\t\t\t\t\t\t\t<\/div>\n\t\t<\/section>\n\t\t\t\t\t\t\t<\/div>","protected":false},"excerpt":{"rendered":"<p>Informativa sui cookie Leggi la nostra Informativa sui cookie Home Cosa sono i cookie Come \u00e8 prassi comune di quasi tutti i siti web professionali, questo sito utilizza i cookie, che sono piccoli file che vengono scaricati sul vostro computer, per migliorare la vostra esperienza. Questa pagina descrive quali informazioni raccolgono, come le utilizziamo e perch\u00e9 a volte abbiamo bisogno di memorizzare questi cookie. Verr\u00e0 inoltre illustrato il modo in cui \u00e8 possibile impedire la memorizzazione di questi cookie, ma ci\u00f2 potrebbe ridurre o \"interrompere\" alcuni elementi della funzionalit\u00e0 del sito. Per ulteriori informazioni generali sui cookie, consultare l'articolo di Wikipedia sui cookie HTTP... Come utilizziamo i cookie Noi...<\/p>","protected":false},"author":3,"featured_media":0,"parent":0,"menu_order":0,"comment_status":"closed","ping_status":"closed","template":"elementor_header_footer","meta":[],"blocksy_meta":{"styles_descriptor":{"styles":{"desktop":"","tablet":"","mobile":""},"google_fonts":[],"version":5}},"_links":{"self":[{"href":"https:\/\/balos-travel.com\/it\/wp-json\/wp\/v2\/pages\/652"}],"collection":[{"href":"https:\/\/balos-travel.com\/it\/wp-json\/wp\/v2\/pages"}],"about":[{"href":"https:\/\/balos-travel.com\/it\/wp-json\/wp\/v2\/types\/page"}],"author":[{"embeddable":true,"href":"https:\/\/balos-travel.com\/it\/wp-json\/wp\/v2\/users\/3"}],"replies":[{"embeddable":true,"href":"https:\/\/balos-travel.com\/it\/wp-json\/wp\/v2\/comments?post=652"}],"version-history":[{"count":8,"href":"https:\/\/balos-travel.com\/it\/wp-json\/wp\/v2\/pages\/652\/revisions"}],"predecessor-version":[{"id":6965,"href":"https:\/\/balos-travel.com\/it\/wp-json\/wp\/v2\/pages\/652\/revisions\/6965"}],"wp:attachment":[{"href":"https:\/\/balos-travel.com\/it\/wp-json\/wp\/v2\/media?parent=652"}],"curies":[{"name":"wp","href":"https:\/\/api.w.org\/{rel}","templated":true}]}}