{"id":647,"date":"2022-04-25T12:02:59","date_gmt":"2022-04-25T09:02:59","guid":{"rendered":"https:\/\/balos-travel.marketup.pro\/?page_id=647"},"modified":"2023-02-13T17:01:43","modified_gmt":"2023-02-13T15:01:43","slug":"covid-19","status":"publish","type":"page","link":"https:\/\/balos-travel.com\/it\/covid-19\/","title":{"rendered":"Covid-19"},"content":{"rendered":"<div data-elementor-type=\"wp-page\" data-elementor-id=\"647\" class=\"elementor elementor-647\">\n\t\t\t\t\t\t\t\t\t<section class=\"elementor-section elementor-top-section elementor-element elementor-element-5150ade ct-section-stretched elementor-section-height-min-height elementor-section-boxed elementor-section-height-default elementor-section-items-middle\" data-id=\"5150ade\" data-element_type=\"section\" data-settings=\"{&quot;jet_parallax_layout_list&quot;:[],&quot;background_background&quot;:&quot;classic&quot;}\">\n\t\t\t\t\t\t<div class=\"elementor-container elementor-column-gap-no\">\n\t\t\t\t\t<div class=\"elementor-column elementor-col-100 elementor-top-column elementor-element elementor-element-902dbcd\" data-id=\"902dbcd\" data-element_type=\"column\">\n\t\t\t<div class=\"elementor-widget-wrap elementor-element-populated\">\n\t\t\t\t\t\t\t\t<div class=\"elementor-element elementor-element-192a31b elementor-widget elementor-widget-heading\" data-id=\"192a31b\" data-element_type=\"widget\" data-widget_type=\"heading.default\">\n\t\t\t\t<div class=\"elementor-widget-container\">\n\t\t\t<style>\/*! elementor - v3.7.8 - 02-10-2022 *\/\n.elementor-heading-title{padding:0;margin:0;line-height:1}.elementor-widget-heading .elementor-heading-title[class*=elementor-size-]>a{color:inherit;font-size:inherit;line-height:inherit}.elementor-widget-heading .elementor-heading-title.elementor-size-small{font-size:15px}.elementor-widget-heading .elementor-heading-title.elementor-size-medium{font-size:19px}.elementor-widget-heading .elementor-heading-title.elementor-size-large{font-size:29px}.elementor-widget-heading .elementor-heading-title.elementor-size-xl{font-size:39px}.elementor-widget-heading .elementor-heading-title.elementor-size-xxl{font-size:59px}<\/style><h1 class=\"elementor-heading-title elementor-size-default\">COVID-19<\/h1>\t\t<\/div>\n\t\t\t\t<\/div>\n\t\t\t\t<div class=\"elementor-element elementor-element-554addb elementor-widget elementor-widget-heading\" data-id=\"554addb\" data-element_type=\"widget\" data-widget_type=\"heading.default\">\n\t\t\t\t<div class=\"elementor-widget-container\">\n\t\t\t<h2 class=\"elementor-heading-title elementor-size-default\">SUMMER 2026<\/h2>\t\t<\/div>\n\t\t\t\t<\/div>\n\t\t\t\t<section class=\"elementor-section elementor-inner-section elementor-element elementor-element-0605ce9 elementor-section-boxed elementor-section-height-default elementor-section-height-default\" data-id=\"0605ce9\" data-element_type=\"section\" data-settings=\"{&quot;jet_parallax_layout_list&quot;:[]}\">\n\t\t\t\t\t\t<div class=\"elementor-container elementor-column-gap-no\">\n\t\t\t\t\t<div class=\"elementor-column elementor-col-100 elementor-inner-column elementor-element elementor-element-c6f4b12\" data-id=\"c6f4b12\" data-element_type=\"column\">\n\t\t\t<div class=\"elementor-widget-wrap elementor-element-populated\">\n\t\t\t\t\t\t\t\t<div class=\"elementor-element elementor-element-7481bb6 elementor-widget elementor-widget-jet-breadcrumbs\" data-id=\"7481bb6\" data-element_type=\"widget\" data-widget_type=\"jet-breadcrumbs.default\">\n\t\t\t\t<div class=\"elementor-widget-container\">\n\t\t\t<div class=\"elementor-jet-breadcrumbs jet-blocks\">\n\t\t<div class=\"jet-breadcrumbs\">\n\t\t<div class=\"jet-breadcrumbs__content\">\n\t\t<div class=\"jet-breadcrumbs__wrap\"><div class=\"jet-breadcrumbs__item\"><a href=\"https:\/\/balos-travel.com\/it\/\" class=\"jet-breadcrumbs__item-link is-home\" rel=\"home\" title=\"Casa\">Casa<\/a><\/div>\n\t\t<\/div>\n\t\t<\/div>\n\t\t<\/div><\/div>\t\t<\/div>\n\t\t\t\t<\/div>\n\t\t\t\t\t<\/div>\n\t\t<\/div>\n\t\t\t\t\t\t\t<\/div>\n\t\t<\/section>\n\t\t\t\t\t<\/div>\n\t\t<\/div>\n\t\t\t\t\t\t\t<\/div>\n\t\t<\/section>\n\t\t\t\t<section class=\"elementor-section elementor-top-section elementor-element elementor-element-d1f1b5a elementor-section-boxed elementor-section-height-default elementor-section-height-default\" data-id=\"d1f1b5a\" data-element_type=\"section\" data-settings=\"{&quot;jet_parallax_layout_list&quot;:[]}\">\n\t\t\t\t\t\t<div class=\"elementor-container elementor-column-gap-no\">\n\t\t\t\t\t<div class=\"elementor-column elementor-col-100 elementor-top-column elementor-element elementor-element-1b3da0c\" data-id=\"1b3da0c\" data-element_type=\"column\">\n\t\t\t<div class=\"elementor-widget-wrap elementor-element-populated\">\n\t\t\t\t\t\t\t\t<div class=\"elementor-element elementor-element-f405e17 elementor-widget elementor-widget-text-editor\" data-id=\"f405e17\" data-element_type=\"widget\" data-widget_type=\"text-editor.default\">\n\t\t\t\t<div class=\"elementor-widget-container\">\n\t\t\t<style>\/*! elementor - v3.7.8 - 02-10-2022 *\/\n.elementor-widget-text-editor.elementor-drop-cap-view-stacked .elementor-drop-cap{background-color:#818a91;color:#fff}.elementor-widget-text-editor.elementor-drop-cap-view-framed .elementor-drop-cap{color:#818a91;border:3px solid;background-color:transparent}.elementor-widget-text-editor:not(.elementor-drop-cap-view-default) .elementor-drop-cap{margin-top:8px}.elementor-widget-text-editor:not(.elementor-drop-cap-view-default) .elementor-drop-cap-letter{width:1em;height:1em}.elementor-widget-text-editor .elementor-drop-cap{float:left;text-align:center;line-height:1;font-size:50px}.elementor-widget-text-editor .elementor-drop-cap-letter{display:inline-block}<\/style>\t\t\t\t<p>Il Ministero del Turismo sta attuando una politica ben progettata contro Covid-19 , per tutte le persone che desiderano visitare la bellissima Grecia.<br \/>Tutte le misure riguardanti i visitatori sono presentate in\u00a0<a href=\"https:\/\/travel.gov.gr\/#\/\" target=\"_blank\" rel=\"noopener\">https:\/\/travel.gov.gr\/#\/<\/a><br \/>L\u00ec, tutti possono trovare e compilare il PLF (Modulo di localizzazione dei passeggeri) prima del loro arrivo nel paese.<br \/>Una volta arrivati in Grecia, si possono trovare molte informazioni utili su diversi problemi di salute nel sito\u00a0<a href=\"https:\/\/greecehealthfirst.gr\/\" target=\"_blank\" rel=\"noopener\">https:\/\/greecehealthfirst.gr<\/a><br \/>Questo sito offre ai visitatori la possibilit\u00e0 di scaricare un'applicazione chiamata VisitGreece, che fornisce dettagli suoi luoghi in cui effettuare test durante il soggiorno e prima della partenza.<\/p><p>Questa iniziativa \u00e8 un modo efficace per garantire la sicurezza dei visitatori e dei residenti del paese, mantenendo quindi un senso di sicurezza per tutta la stagione turistica-estiva.<br \/>Si consiglia a tutti i visitatori di scaricare gratuitamente l'app Visit Greece (conforme al GDPR) (dal\u00a0<a href=\"https:\/\/apps.apple.com\/us\/app\/visit-greece\/id1523802597\" target=\"_blank\" rel=\"noopener\">App Store<\/a>\u00a0o da\u00a0<a href=\"https:\/\/play.google.com\/store\/apps\/details?id=com.visit_greece\" target=\"_blank\" rel=\"noopener\">Google Play<\/a>) prima o all'arrivo in Grecia.<\/p>\t\t\t\t\t\t<\/div>\n\t\t\t\t<\/div>\n\t\t\t\t<div class=\"elementor-element elementor-element-7dd5c4b elementor-widget elementor-widget-heading\" data-id=\"7dd5c4b\" data-element_type=\"widget\" data-widget_type=\"heading.default\">\n\t\t\t\t<div class=\"elementor-widget-container\">\n\t\t\t<h3 class=\"elementor-heading-title elementor-size-default\">VIAGGIO COVID-19 E BALOS<\/h3>\t\t<\/div>\n\t\t\t\t<\/div>\n\t\t\t\t<div class=\"elementor-element elementor-element-ea1e247 elementor-widget elementor-widget-text-editor\" data-id=\"ea1e247\" data-element_type=\"widget\" data-widget_type=\"text-editor.default\">\n\t\t\t\t<div class=\"elementor-widget-container\">\n\t\t\t\t\t\t\t<p>La nostra agenzia, Balos Travel, segue fedelmente le istruzioni del Ministero della Salute per affrontare il virus Sars-Cov2 ed evitare la sua diffusione tra la popolazione.<br \/>Tenendo conto delle misure di salute e sicurezza richieste dalla nuova realt\u00e0 epidemiologica, abbiamo adattato i nostri tour ed escursioni in modo da rispettare i principali obiettivi di salute e sicurezza per le persone che scelgono di viaggiare con noi.<br \/>La nostra priorit\u00e0 in questa diversa realt\u00e0 sar\u00e0 offrire i nostri servizi in un ambiente familiare e completamente sicuro.<br \/>Tutti i dipendenti sono sottoposti a test rapidi dell'antigene su base settimanale.<br \/>Usano anche dispositivi di protezione individuale e prendono misure igieniche.<br \/>La sicurezza \u00e8 sempre la nostra priorit\u00e0, e abbiamo lavorato duramente per assicurarci che ora che si pu\u00f2 finalmente viaggiare sia sicuro quanto divertente! Tutti i nostri sforzi sono volti a rendere il tuo viaggio privo di preoccupazioni.<br \/>A bordo dei nostri autobus, tutti i passeggeri, il personale e gli autisti sono tenuti a indossare una mascherina costantemente.<\/p><p>I passeggieri sono tenuti a fornirsi di mascherine e ad indossarle adeguatamente per tutta la durata degli spostamenti.<\/p><p>La scelta del posto sar\u00e0 effettuata all'orario di ritiro o di partenza , e tu manterrai quel posto per tutta la durata del tuo tour.<br \/>Non ti sar\u00e0 permesso salire a bordo dell'autobus se sei stato identificato come un \"contatto ravvicinato\" di un caso COVID-19 positivo negli ultimi 14 giorni, o se sei sottoposto a misure restrittive.<\/p><p>L'imbarco sar\u00e0 negato qualora tu abbia uno dei seguenti sintomi:<br \/>\u2022 Febbre o brividi<br \/>\u2022 Difficolt\u00e0 respiratorie o mancanza di fiato<br \/>\u2022 Tosse, mal di gola, difficolt\u00e0 a deglutire<br \/>\u2022 Naso che cola\/ congestione nasale, diminuzione o perdita di odore o gusto<br \/>\u2022 Nausea o vomito, diarrea, dolore addominale<br \/>\u2022 Sensazione di malessere, estrema stanchezza, dolori muscolari, occhi arrossati<\/p><p>*Si prega di notare - le informazioni di cui sopra sono aggiornate alle migliori pratiche disponibili al momento. Sar\u00e0 costantemente adattato, se necessario, per garantire il rispetto dei pi\u00f9 elevati standard di sicurezza.<\/p><p>**Mentre stiamo prendendo tutte le precauzioni per garantire la sicurezza, c'\u00e8 un rischio intrinseco di essere esposti a COVID 19 ogni volta che ci troviamo in ambienti con altre persone. Viaggiando, accetti questo rischio e comprendi che Balos Travel non pu\u00f2 essere responsabile per qualsiasi esposizione COVID-19 che potresti incontrare durante il tuo tour, sia a bordo dell'autobus\/ barca che in uno qualsiasi dei luoghi visitati.<\/p>\t\t\t\t\t\t<\/div>\n\t\t\t\t<\/div>\n\t\t\t\t\t<\/div>\n\t\t<\/div>\n\t\t\t\t\t\t\t<\/div>\n\t\t<\/section>\n\t\t\t\t\t\t\t<\/div>","protected":false},"excerpt":{"rendered":"<p>COVID-19 Home Il Ministero del Turismo sta attuando una politica ben congegnata contro il Covid-19, per tutte le persone che desiderano visitare il bellissimo Paese della Grecia. Tutte le misure riguardanti i visitatori della Grecia sono presentate nel sito https:\/\/travel.gov.gr\/#\/. Qui tutti possono trovare e compilare il PLF (Passengers Location Form) prima del loro arrivo nel Paese. Una volta arrivati in Grecia, i visitatori possono trovare molte informazioni utili sulle questioni sanitarie in https:\/\/greecehealthfirst.gr Questo sito offre ai visitatori l'opportunit\u00e0 di scaricare un'applicazione chiamata VisitGreece, che fornisce importanti dettagli sui punti di diagnosi durante il soggiorno e prima della partenza....<\/p>","protected":false},"author":3,"featured_media":0,"parent":0,"menu_order":0,"comment_status":"closed","ping_status":"closed","template":"elementor_header_footer","meta":[],"blocksy_meta":{"styles_descriptor":{"styles":{"desktop":"","tablet":"","mobile":""},"google_fonts":[],"version":5}},"_links":{"self":[{"href":"https:\/\/balos-travel.com\/it\/wp-json\/wp\/v2\/pages\/647"}],"collection":[{"href":"https:\/\/balos-travel.com\/it\/wp-json\/wp\/v2\/pages"}],"about":[{"href":"https:\/\/balos-travel.com\/it\/wp-json\/wp\/v2\/types\/page"}],"author":[{"embeddable":true,"href":"https:\/\/balos-travel.com\/it\/wp-json\/wp\/v2\/users\/3"}],"replies":[{"embeddable":true,"href":"https:\/\/balos-travel.com\/it\/wp-json\/wp\/v2\/comments?post=647"}],"version-history":[{"count":8,"href":"https:\/\/balos-travel.com\/it\/wp-json\/wp\/v2\/pages\/647\/revisions"}],"predecessor-version":[{"id":6964,"href":"https:\/\/balos-travel.com\/it\/wp-json\/wp\/v2\/pages\/647\/revisions\/6964"}],"wp:attachment":[{"href":"https:\/\/balos-travel.com\/it\/wp-json\/wp\/v2\/media?parent=647"}],"curies":[{"name":"wp","href":"https:\/\/api.w.org\/{rel}","templated":true}]}}