{"id":652,"date":"2022-04-25T12:09:06","date_gmt":"2022-04-25T09:09:06","guid":{"rendered":"https:\/\/balos-travel.marketup.pro\/?page_id=652"},"modified":"2023-02-13T17:02:04","modified_gmt":"2023-02-13T15:02:04","slug":"cookie-policy","status":"publish","type":"page","link":"https:\/\/balos-travel.com\/fr\/politique-en-matiere-de-cookies-2\/","title":{"rendered":"Politique en mati\u00e8re de cookies"},"content":{"rendered":"<div data-elementor-type=\"wp-page\" data-elementor-id=\"652\" class=\"elementor elementor-652\">\n\t\t\t\t\t\t\t\t\t<section class=\"elementor-section elementor-top-section elementor-element elementor-element-10b3777 ct-section-stretched elementor-section-height-min-height elementor-section-boxed elementor-section-height-default elementor-section-items-middle\" data-id=\"10b3777\" data-element_type=\"section\" data-settings=\"{&quot;jet_parallax_layout_list&quot;:[],&quot;background_background&quot;:&quot;classic&quot;}\">\n\t\t\t\t\t\t<div class=\"elementor-container elementor-column-gap-no\">\n\t\t\t\t\t<div class=\"elementor-column elementor-col-100 elementor-top-column elementor-element elementor-element-cf6acd7\" data-id=\"cf6acd7\" data-element_type=\"column\">\n\t\t\t<div class=\"elementor-widget-wrap elementor-element-populated\">\n\t\t\t\t\t\t\t\t<div class=\"elementor-element elementor-element-e00c0a7 elementor-widget elementor-widget-heading\" data-id=\"e00c0a7\" data-element_type=\"widget\" data-widget_type=\"heading.default\">\n\t\t\t\t<div class=\"elementor-widget-container\">\n\t\t\t<style>\/*! elementor - v3.7.8 - 02-10-2022 *\/\n.elementor-heading-title{padding:0;margin:0;line-height:1}.elementor-widget-heading .elementor-heading-title[class*=elementor-size-]>a{color:inherit;font-size:inherit;line-height:inherit}.elementor-widget-heading .elementor-heading-title.elementor-size-small{font-size:15px}.elementor-widget-heading .elementor-heading-title.elementor-size-medium{font-size:19px}.elementor-widget-heading .elementor-heading-title.elementor-size-large{font-size:29px}.elementor-widget-heading .elementor-heading-title.elementor-size-xl{font-size:39px}.elementor-widget-heading .elementor-heading-title.elementor-size-xxl{font-size:59px}<\/style><h1 class=\"elementor-heading-title elementor-size-default\">Politique en mati\u00e8re de cookies<\/h1>\t\t<\/div>\n\t\t\t\t<\/div>\n\t\t\t\t<div class=\"elementor-element elementor-element-3370c03 elementor-widget elementor-widget-heading\" data-id=\"3370c03\" data-element_type=\"widget\" data-widget_type=\"heading.default\">\n\t\t\t\t<div class=\"elementor-widget-container\">\n\t\t\t<h2 class=\"elementor-heading-title elementor-size-default\">Lire notre politique en mati\u00e8re de cookies<\/h2>\t\t<\/div>\n\t\t\t\t<\/div>\n\t\t\t\t<section class=\"elementor-section elementor-inner-section elementor-element elementor-element-070b49a elementor-section-boxed elementor-section-height-default elementor-section-height-default\" data-id=\"070b49a\" data-element_type=\"section\" data-settings=\"{&quot;jet_parallax_layout_list&quot;:[]}\">\n\t\t\t\t\t\t<div class=\"elementor-container elementor-column-gap-no\">\n\t\t\t\t\t<div class=\"elementor-column elementor-col-100 elementor-inner-column elementor-element elementor-element-93062b4\" data-id=\"93062b4\" data-element_type=\"column\">\n\t\t\t<div class=\"elementor-widget-wrap elementor-element-populated\">\n\t\t\t\t\t\t\t\t<div class=\"elementor-element elementor-element-95008e0 elementor-widget elementor-widget-jet-breadcrumbs\" data-id=\"95008e0\" data-element_type=\"widget\" data-widget_type=\"jet-breadcrumbs.default\">\n\t\t\t\t<div class=\"elementor-widget-container\">\n\t\t\t<div class=\"elementor-jet-breadcrumbs jet-blocks\">\n\t\t<div class=\"jet-breadcrumbs\">\n\t\t<div class=\"jet-breadcrumbs__content\">\n\t\t<div class=\"jet-breadcrumbs__wrap\"><div class=\"jet-breadcrumbs__item\"><a href=\"https:\/\/balos-travel.com\/fr\/\" class=\"jet-breadcrumbs__item-link is-home\" rel=\"home\" title=\"Accueil\">Accueil<\/a><\/div>\n\t\t<\/div>\n\t\t<\/div>\n\t\t<\/div><\/div>\t\t<\/div>\n\t\t\t\t<\/div>\n\t\t\t\t\t<\/div>\n\t\t<\/div>\n\t\t\t\t\t\t\t<\/div>\n\t\t<\/section>\n\t\t\t\t\t<\/div>\n\t\t<\/div>\n\t\t\t\t\t\t\t<\/div>\n\t\t<\/section>\n\t\t\t\t<section class=\"elementor-section elementor-top-section elementor-element elementor-element-fc8c29e elementor-section-boxed elementor-section-height-default elementor-section-height-default\" data-id=\"fc8c29e\" data-element_type=\"section\" data-settings=\"{&quot;jet_parallax_layout_list&quot;:[]}\">\n\t\t\t\t\t\t<div class=\"elementor-container elementor-column-gap-no\">\n\t\t\t\t\t<div class=\"elementor-column elementor-col-100 elementor-top-column elementor-element elementor-element-0b2822d\" data-id=\"0b2822d\" data-element_type=\"column\">\n\t\t\t<div class=\"elementor-widget-wrap elementor-element-populated\">\n\t\t\t\t\t\t\t\t<div class=\"elementor-element elementor-element-3e7b579 elementor-widget elementor-widget-text-editor\" data-id=\"3e7b579\" data-element_type=\"widget\" data-widget_type=\"text-editor.default\">\n\t\t\t\t<div class=\"elementor-widget-container\">\n\t\t\t<style>\/*! elementor - v3.7.8 - 02-10-2022 *\/\n.elementor-widget-text-editor.elementor-drop-cap-view-stacked .elementor-drop-cap{background-color:#818a91;color:#fff}.elementor-widget-text-editor.elementor-drop-cap-view-framed .elementor-drop-cap{color:#818a91;border:3px solid;background-color:transparent}.elementor-widget-text-editor:not(.elementor-drop-cap-view-default) .elementor-drop-cap{margin-top:8px}.elementor-widget-text-editor:not(.elementor-drop-cap-view-default) .elementor-drop-cap-letter{width:1em;height:1em}.elementor-widget-text-editor .elementor-drop-cap{float:left;text-align:center;line-height:1;font-size:50px}.elementor-widget-text-editor .elementor-drop-cap-letter{display:inline-block}<\/style>\t\t\t\t<p><strong>Que sont les cookies ?<\/strong><\/p><p>Comme c'est la pratique courante pour presque tous les sites Web professionnels, ce site utilise des cookies, qui sont de minuscules fichiers t\u00e9l\u00e9charg\u00e9s sur votre ordinateur, pour am\u00e9liorer votre exp\u00e9rience. Cette page d\u00e9crit les informations qu'ils recueillent, comment nous les utilisons et pourquoi nous devons parfois stocker ces cookies. Nous vous indiquons \u00e9galement comment vous pouvez emp\u00eacher le stockage de ces cookies, mais cela peut entra\u00eener une d\u00e9gradation ou une \"rupture\" de certains \u00e9l\u00e9ments de la fonctionnalit\u00e9 du site.<\/p><p>Pour des informations plus g\u00e9n\u00e9rales sur les cookies, voir l'article de Wikipedia sur les cookies HTTP...<\/p><p><strong>Comment nous utilisons les cookies<\/strong><\/p><p>Nous utilisons des cookies pour diverses raisons d\u00e9taill\u00e9es ci-dessous. Malheureusement, dans la plupart des cas, il n'existe pas d'option standard pour d\u00e9sactiver les cookies sans d\u00e9sactiver compl\u00e8tement la fonctionnalit\u00e9 et les caract\u00e9ristiques qu'ils ajoutent \u00e0 ce site. Il est recommand\u00e9 de laisser tous les cookies activ\u00e9s si vous n'\u00eates pas s\u00fbr d'en avoir besoin ou non, au cas o\u00f9 ils seraient utilis\u00e9s pour fournir un service que vous utilisez.<\/p><p><strong>D\u00e9sactiver les cookies<\/strong><\/p><p>Vous pouvez emp\u00eacher l'installation de cookies en ajustant les param\u00e8tres de votre navigateur (voir l'aide de votre navigateur pour savoir comment proc\u00e9der). Sachez que la d\u00e9sactivation des cookies affectera la fonctionnalit\u00e9 de ce site et de nombreux autres sites web que vous visitez. La d\u00e9sactivation des cookies entra\u00eene g\u00e9n\u00e9ralement la d\u00e9sactivation de certaines fonctionnalit\u00e9s et caract\u00e9ristiques de ce site. Il est donc recommand\u00e9 de ne pas d\u00e9sactiver les cookies.<\/p><p><strong>Les cookies que nous utilisons<\/strong><\/p><p>Si vous cr\u00e9ez un compte chez nous, nous utiliserons des cookies pour la gestion du processus d'inscription et l'administration g\u00e9n\u00e9rale. Ces cookies sont g\u00e9n\u00e9ralement supprim\u00e9s lorsque vous vous d\u00e9connectez, mais dans certains cas, ils peuvent \u00eatre conserv\u00e9s pour m\u00e9moriser vos pr\u00e9f\u00e9rences de site lorsque vous \u00eates d\u00e9connect\u00e9.<\/p><p>Nous utilisons des cookies lorsque vous \u00eates connect\u00e9 afin que nous puissions nous souvenir de ce fait. Cela vous \u00e9vite de devoir vous connecter \u00e0 chaque fois que vous visitez une nouvelle page. Ces cookies sont g\u00e9n\u00e9ralement supprim\u00e9s ou effac\u00e9s lorsque vous vous d\u00e9connectez, afin de garantir que vous ne puissiez acc\u00e9der qu'aux fonctions et zones restreintes lorsque vous \u00eates connect\u00e9.<\/p><p>Ce site propose des services d'abonnement \u00e0 des bulletins d'information ou \u00e0 des courriels et des cookies peuvent \u00eatre utilis\u00e9s pour se souvenir si vous \u00eates d\u00e9j\u00e0 inscrit et pour afficher certaines notifications qui pourraient n'\u00eatre valables que pour les utilisateurs inscrits ou non inscrits.<\/p><p>Lorsque vous soumettez des donn\u00e9es par le biais d'un formulaire, comme ceux que l'on trouve sur les pages de contact ou les formulaires de commentaires, des cookies peuvent \u00eatre install\u00e9s pour m\u00e9moriser vos coordonn\u00e9es d'utilisateur en vue d'une correspondance ult\u00e9rieure.<\/p><p>Afin de vous offrir une exp\u00e9rience agr\u00e9able sur ce site, nous vous offrons la possibilit\u00e9 de d\u00e9finir vos pr\u00e9f\u00e9rences pour le fonctionnement de ce site lorsque vous l'utilisez. Afin de m\u00e9moriser vos pr\u00e9f\u00e9rences, nous devons d\u00e9finir des cookies pour que cette information puisse \u00eatre appel\u00e9e chaque fois que vous interagissez avec une page affect\u00e9e par vos pr\u00e9f\u00e9rences.<\/p><p><strong>Cookies de tiers<\/strong><\/p><p>Dans certains cas particuliers, nous utilisons \u00e9galement des cookies fournis par des tiers de confiance. La section suivante d\u00e9taille les cookies tiers que vous pourriez rencontrer sur ce site.<\/p><p>Ce site utilise Google Analytics, l'une des solutions d'analyse les plus r\u00e9pandues et les plus fiables sur le Web, pour nous aider \u00e0 comprendre comment vous utilisez le site et comment nous pouvons am\u00e9liorer votre exp\u00e9rience. Ces cookies peuvent suivre des \u00e9l\u00e9ments tels que le temps que vous passez sur le site et les pages que vous visitez afin que nous puissions continuer \u00e0 produire un contenu int\u00e9ressant.<\/p><p>Pour plus d'informations sur les cookies de Google Analytics, consultez la page officielle de Google Analytics.<\/p><p>De temps \u00e0 autre, nous testons de nouvelles fonctionnalit\u00e9s et apportons des modifications subtiles \u00e0 la mani\u00e8re dont le site est propos\u00e9. Lorsque nous testons de nouvelles fonctionnalit\u00e9s, ces cookies peuvent \u00eatre utilis\u00e9s pour garantir que vous b\u00e9n\u00e9ficiez d'une exp\u00e9rience coh\u00e9rente sur le site tout en nous permettant de comprendre quelles optimisations nos utilisateurs appr\u00e9cient le plus.<\/p><p>Comme nous vendons des produits, il est important pour nous de comprendre les statistiques sur le nombre de visiteurs de notre site qui effectuent effectivement un achat et, en tant que tel, c'est le type de donn\u00e9es que ces cookies vont suivre. C'est important pour vous car cela signifie que nous pouvons faire des pr\u00e9visions commerciales pr\u00e9cises qui nous permettent de surveiller nos co\u00fbts de publicit\u00e9 et de produits afin de garantir le meilleur prix possible.<\/p><p>Nous utilisons des publicit\u00e9s pour compenser les co\u00fbts de fonctionnement de ce site et fournir des fonds pour son d\u00e9veloppement futur. Les cookies de publicit\u00e9 comportementale utilis\u00e9s par ce site sont con\u00e7us pour garantir que nous vous fournissons les publicit\u00e9s les plus pertinentes possible en suivant de mani\u00e8re anonyme vos int\u00e9r\u00eats et en vous pr\u00e9sentant des \u00e9l\u00e9ments similaires susceptibles de vous int\u00e9resser.<\/p><p>Nous utilisons \u00e9galement des boutons et\/ou des plugins de m\u00e9dias sociaux sur ce site qui vous permettent de vous connecter \u00e0 votre r\u00e9seau social de diverses mani\u00e8res. Pour que ceux-ci fonctionnent, les sites de m\u00e9dias sociaux suivants, notamment Facebook, Google+, LinekdIn et Instagram, placeront des cookies sur notre site, qui pourront \u00eatre utilis\u00e9s pour am\u00e9liorer votre profil sur leur site ou contribuer aux donn\u00e9es qu'ils d\u00e9tiennent \u00e0 diverses fins d\u00e9crites dans leurs politiques de confidentialit\u00e9 respectives.<\/p><p><strong>Plus d'informations<\/strong><\/p><p>Nous esp\u00e9rons que cela a clarifi\u00e9 les choses pour vous et, comme mentionn\u00e9 pr\u00e9c\u00e9demment, si vous n'\u00eates pas s\u00fbr d'avoir besoin de quelque chose, il est g\u00e9n\u00e9ralement plus s\u00fbr de laisser les cookies activ\u00e9s au cas o\u00f9 ils interagissent avec l'une des fonctions que vous utilisez sur notre site. Toutefois, si vous souhaitez toujours obtenir plus d'informations, vous pouvez nous contacter par l'un de nos moyens de contact pr\u00e9f\u00e9r\u00e9s.<\/p><p>Courriel : <a href=\"mailto:info@balos-travel.com\">info@balos-travel.com<\/a><\/p><p>T\u00e9l\u00e9phone : <a href=\"tel:+302822022900\">(+30) 28220 22900<\/a><\/p>\t\t\t\t\t\t<\/div>\n\t\t\t\t<\/div>\n\t\t\t\t\t<\/div>\n\t\t<\/div>\n\t\t\t\t\t\t\t<\/div>\n\t\t<\/section>\n\t\t\t\t\t\t\t<\/div>","protected":false},"excerpt":{"rendered":"<p>Politique en mati\u00e8re de cookies Lire notre politique en mati\u00e8re de cookies Accueil Que sont les cookies Comme c'est la pratique courante avec presque tous les sites Web professionnels, ce site utilise des cookies, qui sont de minuscules fichiers t\u00e9l\u00e9charg\u00e9s sur votre ordinateur, pour am\u00e9liorer votre exp\u00e9rience. Cette page d\u00e9crit les informations qu'ils recueillent, comment nous les utilisons et pourquoi nous devons parfois stocker ces cookies. Nous vous indiquons \u00e9galement comment vous pouvez emp\u00eacher le stockage de ces cookies, mais cela peut entra\u00eener une d\u00e9gradation ou une \" rupture \" de certains \u00e9l\u00e9ments de la fonctionnalit\u00e9 du site. Pour des informations plus g\u00e9n\u00e9rales sur les cookies, voir l'article de Wikipedia sur les cookies HTTP... Comment nous utilisons les cookies Nous...<\/p>","protected":false},"author":3,"featured_media":0,"parent":0,"menu_order":0,"comment_status":"closed","ping_status":"closed","template":"elementor_header_footer","meta":[],"blocksy_meta":{"styles_descriptor":{"styles":{"desktop":"","tablet":"","mobile":""},"google_fonts":[],"version":5}},"_links":{"self":[{"href":"https:\/\/balos-travel.com\/fr\/wp-json\/wp\/v2\/pages\/652"}],"collection":[{"href":"https:\/\/balos-travel.com\/fr\/wp-json\/wp\/v2\/pages"}],"about":[{"href":"https:\/\/balos-travel.com\/fr\/wp-json\/wp\/v2\/types\/page"}],"author":[{"embeddable":true,"href":"https:\/\/balos-travel.com\/fr\/wp-json\/wp\/v2\/users\/3"}],"replies":[{"embeddable":true,"href":"https:\/\/balos-travel.com\/fr\/wp-json\/wp\/v2\/comments?post=652"}],"version-history":[{"count":8,"href":"https:\/\/balos-travel.com\/fr\/wp-json\/wp\/v2\/pages\/652\/revisions"}],"predecessor-version":[{"id":6965,"href":"https:\/\/balos-travel.com\/fr\/wp-json\/wp\/v2\/pages\/652\/revisions\/6965"}],"wp:attachment":[{"href":"https:\/\/balos-travel.com\/fr\/wp-json\/wp\/v2\/media?parent=652"}],"curies":[{"name":"wp","href":"https:\/\/api.w.org\/{rel}","templated":true}]}}