{"id":647,"date":"2022-04-25T12:02:59","date_gmt":"2022-04-25T09:02:59","guid":{"rendered":"https:\/\/balos-travel.marketup.pro\/?page_id=647"},"modified":"2023-02-13T17:01:43","modified_gmt":"2023-02-13T15:01:43","slug":"covid-19","status":"publish","type":"page","link":"https:\/\/balos-travel.com\/fr\/covid-19\/","title":{"rendered":"Covid-19"},"content":{"rendered":"<div data-elementor-type=\"wp-page\" data-elementor-id=\"647\" class=\"elementor elementor-647\">\n\t\t\t\t\t\t\t\t\t<section class=\"elementor-section elementor-top-section elementor-element elementor-element-5150ade ct-section-stretched elementor-section-height-min-height elementor-section-boxed elementor-section-height-default elementor-section-items-middle\" data-id=\"5150ade\" data-element_type=\"section\" data-settings=\"{&quot;jet_parallax_layout_list&quot;:[],&quot;background_background&quot;:&quot;classic&quot;}\">\n\t\t\t\t\t\t<div class=\"elementor-container elementor-column-gap-no\">\n\t\t\t\t\t<div class=\"elementor-column elementor-col-100 elementor-top-column elementor-element elementor-element-902dbcd\" data-id=\"902dbcd\" data-element_type=\"column\">\n\t\t\t<div class=\"elementor-widget-wrap elementor-element-populated\">\n\t\t\t\t\t\t\t\t<div class=\"elementor-element elementor-element-192a31b elementor-widget elementor-widget-heading\" data-id=\"192a31b\" data-element_type=\"widget\" data-widget_type=\"heading.default\">\n\t\t\t\t<div class=\"elementor-widget-container\">\n\t\t\t<style>\/*! elementor - v3.7.8 - 02-10-2022 *\/\n.elementor-heading-title{padding:0;margin:0;line-height:1}.elementor-widget-heading .elementor-heading-title[class*=elementor-size-]>a{color:inherit;font-size:inherit;line-height:inherit}.elementor-widget-heading .elementor-heading-title.elementor-size-small{font-size:15px}.elementor-widget-heading .elementor-heading-title.elementor-size-medium{font-size:19px}.elementor-widget-heading .elementor-heading-title.elementor-size-large{font-size:29px}.elementor-widget-heading .elementor-heading-title.elementor-size-xl{font-size:39px}.elementor-widget-heading .elementor-heading-title.elementor-size-xxl{font-size:59px}<\/style><h1 class=\"elementor-heading-title elementor-size-default\">COVID-19<\/h1>\t\t<\/div>\n\t\t\t\t<\/div>\n\t\t\t\t<div class=\"elementor-element elementor-element-554addb elementor-widget elementor-widget-heading\" data-id=\"554addb\" data-element_type=\"widget\" data-widget_type=\"heading.default\">\n\t\t\t\t<div class=\"elementor-widget-container\">\n\t\t\t<h2 class=\"elementor-heading-title elementor-size-default\">SUMMER 2026<\/h2>\t\t<\/div>\n\t\t\t\t<\/div>\n\t\t\t\t<section class=\"elementor-section elementor-inner-section elementor-element elementor-element-0605ce9 elementor-section-boxed elementor-section-height-default elementor-section-height-default\" data-id=\"0605ce9\" data-element_type=\"section\" data-settings=\"{&quot;jet_parallax_layout_list&quot;:[]}\">\n\t\t\t\t\t\t<div class=\"elementor-container elementor-column-gap-no\">\n\t\t\t\t\t<div class=\"elementor-column elementor-col-100 elementor-inner-column elementor-element elementor-element-c6f4b12\" data-id=\"c6f4b12\" data-element_type=\"column\">\n\t\t\t<div class=\"elementor-widget-wrap elementor-element-populated\">\n\t\t\t\t\t\t\t\t<div class=\"elementor-element elementor-element-7481bb6 elementor-widget elementor-widget-jet-breadcrumbs\" data-id=\"7481bb6\" data-element_type=\"widget\" data-widget_type=\"jet-breadcrumbs.default\">\n\t\t\t\t<div class=\"elementor-widget-container\">\n\t\t\t<div class=\"elementor-jet-breadcrumbs jet-blocks\">\n\t\t<div class=\"jet-breadcrumbs\">\n\t\t<div class=\"jet-breadcrumbs__content\">\n\t\t<div class=\"jet-breadcrumbs__wrap\"><div class=\"jet-breadcrumbs__item\"><a href=\"https:\/\/balos-travel.com\/fr\/\" class=\"jet-breadcrumbs__item-link is-home\" rel=\"home\" title=\"Accueil\">Accueil<\/a><\/div>\n\t\t<\/div>\n\t\t<\/div>\n\t\t<\/div><\/div>\t\t<\/div>\n\t\t\t\t<\/div>\n\t\t\t\t\t<\/div>\n\t\t<\/div>\n\t\t\t\t\t\t\t<\/div>\n\t\t<\/section>\n\t\t\t\t\t<\/div>\n\t\t<\/div>\n\t\t\t\t\t\t\t<\/div>\n\t\t<\/section>\n\t\t\t\t<section class=\"elementor-section elementor-top-section elementor-element elementor-element-d1f1b5a elementor-section-boxed elementor-section-height-default elementor-section-height-default\" data-id=\"d1f1b5a\" data-element_type=\"section\" data-settings=\"{&quot;jet_parallax_layout_list&quot;:[]}\">\n\t\t\t\t\t\t<div class=\"elementor-container elementor-column-gap-no\">\n\t\t\t\t\t<div class=\"elementor-column elementor-col-100 elementor-top-column elementor-element elementor-element-1b3da0c\" data-id=\"1b3da0c\" data-element_type=\"column\">\n\t\t\t<div class=\"elementor-widget-wrap elementor-element-populated\">\n\t\t\t\t\t\t\t\t<div class=\"elementor-element elementor-element-f405e17 elementor-widget elementor-widget-text-editor\" data-id=\"f405e17\" data-element_type=\"widget\" data-widget_type=\"text-editor.default\">\n\t\t\t\t<div class=\"elementor-widget-container\">\n\t\t\t<style>\/*! elementor - v3.7.8 - 02-10-2022 *\/\n.elementor-widget-text-editor.elementor-drop-cap-view-stacked .elementor-drop-cap{background-color:#818a91;color:#fff}.elementor-widget-text-editor.elementor-drop-cap-view-framed .elementor-drop-cap{color:#818a91;border:3px solid;background-color:transparent}.elementor-widget-text-editor:not(.elementor-drop-cap-view-default) .elementor-drop-cap{margin-top:8px}.elementor-widget-text-editor:not(.elementor-drop-cap-view-default) .elementor-drop-cap-letter{width:1em;height:1em}.elementor-widget-text-editor .elementor-drop-cap{float:left;text-align:center;line-height:1;font-size:50px}.elementor-widget-text-editor .elementor-drop-cap-letter{display:inline-block}<\/style>\t\t\t\t<p>Le minist\u00e8re du tourisme met en \u0153uvre une politique bien con\u00e7ue contre le Covid-19, pour toutes les personnes qui souhaitent visiter le beau pays qu'est la Gr\u00e8ce.<br \/>L'ensemble des mesures concernant les visiteurs de la Gr\u00e8ce sont pr\u00e9sent\u00e9es en\u00a0<a href=\"https:\/\/travel.gov.gr\/#\/\" target=\"_blank\" rel=\"noopener\">https:\/\/travel.gov.gr\/#\/<\/a><br \/>Chacun peut y trouver et remplir le PLF (Passengers Location Form) avant son arriv\u00e9e dans le pays.<br \/>Une fois que les visiteurs sont en Gr\u00e8ce, ils peuvent trouver de nombreuses informations utiles sur les questions de sant\u00e9 dans les sites suivants\u00a0<a href=\"https:\/\/greecehealthfirst.gr\/\" target=\"_blank\" rel=\"noopener\">https:\/\/greecehealthfirst.gr<\/a><br \/>Ce site offre aux visiteurs la possibilit\u00e9 de t\u00e9l\u00e9charger une application nomm\u00e9e VisitGreece, qui fournit des d\u00e9tails importants sur les spots pour le diagnostic des tests pendant leur s\u00e9jour et avant leur d\u00e9part.<\/p><p>Cette initiative est un moyen efficace d'assurer la s\u00e9curit\u00e9 des visiteurs et des r\u00e9sidents du pays, maintenant ainsi un sentiment de s\u00e9curit\u00e9 tout au long de la saison touristique et estivale.<br \/>Il est conseill\u00e9 \u00e0 tous les visiteurs de t\u00e9l\u00e9charger gratuitement l'application Visit Greece (conforme au GDPR) (\u00e0 partir de\u00a0<a href=\"https:\/\/apps.apple.com\/us\/app\/visit-greece\/id1523802597\" target=\"_blank\" rel=\"noopener\">App Store<\/a>\u00a0ou\u00a0<a href=\"https:\/\/play.google.com\/store\/apps\/details?id=com.visit_greece\" target=\"_blank\" rel=\"noopener\">Google Play<\/a>) avant ou \u00e0 l'arriv\u00e9e en Gr\u00e8ce. #staysafe<\/p>\t\t\t\t\t\t<\/div>\n\t\t\t\t<\/div>\n\t\t\t\t<div class=\"elementor-element elementor-element-7dd5c4b elementor-widget elementor-widget-heading\" data-id=\"7dd5c4b\" data-element_type=\"widget\" data-widget_type=\"heading.default\">\n\t\t\t\t<div class=\"elementor-widget-container\">\n\t\t\t<h3 class=\"elementor-heading-title elementor-size-default\">COVID-19 &amp; BALOS TRAVEL<\/h3>\t\t<\/div>\n\t\t\t\t<\/div>\n\t\t\t\t<div class=\"elementor-element elementor-element-ea1e247 elementor-widget elementor-widget-text-editor\" data-id=\"ea1e247\" data-element_type=\"widget\" data-widget_type=\"text-editor.default\">\n\t\t\t\t<div class=\"elementor-widget-container\">\n\t\t\t\t\t\t\t<p>Notre agence, Balos Travel, suit fid\u00e8lement les instructions du minist\u00e8re de la sant\u00e9 pour faire face au virus Sars-Cov2 et \u00e9viter sa propagation \u00e0 la population.<br \/>En tenant compte des mesures de sant\u00e9 et de s\u00e9curit\u00e9 exig\u00e9es par la nouvelle r\u00e9alit\u00e9 \u00e9pid\u00e9miologique qui s'est form\u00e9e, nous avons adapt\u00e9 le fonctionnement de nos circuits et excursions avec pour principaux objectifs la sant\u00e9 et la s\u00e9curit\u00e9 des personnes qui choisissent de voyager avec nous.<br \/>Dans cette r\u00e9alit\u00e9 diff\u00e9rente, notre priorit\u00e9 sera d'offrir nos services dans un environnement familier et totalement s\u00fbr.<br \/>Tous les employ\u00e9s subissent un test d'antig\u00e8ne rapide sur une base hebdomadaire.<br \/>Ils utilisent \u00e9galement des \u00e9quipements de protection individuelle et prennent des mesures sanitaires.<br \/>La s\u00e9curit\u00e9 est toujours notre priorit\u00e9 absolue, et nous avons travaill\u00e9 dur pour faire en sorte que notre retour au voyage soit aussi s\u00fbr qu'amusant ! Nous nous effor\u00e7ons de faire de votre voyage une exp\u00e9rience sans souci.<br \/>\u00c0 bord de nos bus, tous les passagers, le personnel et les chauffeurs sont tenus de porter des masques \u00e0 tout moment.<\/p><p>Tous les passagers doivent fournir leur propre masque facial, qui doit \u00eatre port\u00e9 correctement \u00e0 tout moment \u00e0 bord de l'autocar.<\/p><p>Le choix du si\u00e8ge sera effectu\u00e9 \u00e0 l'heure de la prise en charge ou du d\u00e9part, et vous conserverez ce si\u00e8ge pendant toute la dur\u00e9e de votre visite.<br \/>Vous ne serez pas autoris\u00e9 \u00e0 monter \u00e0 bord du car si vous avez \u00e9t\u00e9 identifi\u00e9 comme \"contact proche\" d'un cas positif de COVID-19 au cours des 14 derniers jours, ou si on vous a conseill\u00e9 de vous isoler.<\/p><p>L'embarquement sera \u00e9galement refus\u00e9 si vous pr\u00e9sentez l'un des sympt\u00f4mes suivants qui ne sont pas li\u00e9s \u00e0 d'autres affections :<br \/>- Fi\u00e8vre ou frissons<br \/>- Difficult\u00e9 \u00e0 respirer ou essoufflement<br \/>- Toux, mal de gorge, difficult\u00e9 \u00e0 avaler<br \/>- \u00c9coulement nasal\/congestion nasale, diminution ou perte de l'odorat ou du go\u00fbt.<br \/>- Naus\u00e9es ou vomissements, diarrh\u00e9e, douleurs abdominales<br \/>- Sensation de malaise, fatigue extr\u00eame, muscles douloureux, conjonctivite.<\/p><p>*Veuillez noter que les informations ci-dessus sont conformes aux meilleures pratiques disponibles \u00e0 ce moment-l\u00e0. Elles seront constamment adapt\u00e9es en fonction des besoins, afin de garantir le respect des normes de s\u00e9curit\u00e9 les plus \u00e9lev\u00e9es.<\/p><p>**Bien que nous prenions toutes les pr\u00e9cautions n\u00e9cessaires pour assurer la s\u00e9curit\u00e9, il existe un risque inh\u00e9rent d'\u00eatre expos\u00e9 au COVID 19 lorsque nous sommes en contact avec d'autres personnes. En voyageant, vous acceptez ce risque et comprenez que Balos Travel ne peut \u00eatre tenu responsable de toute exposition au COVID-19 que vous pourriez rencontrer au cours de votre voyage, que ce soit \u00e0 bord du bus\/bateau ou dans l'un des lieux visit\u00e9s.<\/p>\t\t\t\t\t\t<\/div>\n\t\t\t\t<\/div>\n\t\t\t\t\t<\/div>\n\t\t<\/div>\n\t\t\t\t\t\t\t<\/div>\n\t\t<\/section>\n\t\t\t\t\t\t\t<\/div>","protected":false},"excerpt":{"rendered":"<p>COVID-19 Home Le minist\u00e8re du tourisme met en \u0153uvre une politique bien con\u00e7ue contre le Covid-19 , pour toutes les personnes qui souhaitent visiter le beau pays qu'est la Gr\u00e8ce. Toutes les mesures concernant les visiteurs de la Gr\u00e8ce sont pr\u00e9sent\u00e9es sur le site https:\/\/travel.gov.gr\/#\/. Chacun peut y trouver et remplir le PLF (Passengers Location Form) avant son arriv\u00e9e dans le pays. Une fois en Gr\u00e8ce, les visiteurs peuvent trouver de nombreuses informations utiles sur les questions de sant\u00e9 \u00e0 l'adresse https:\/\/greecehealthfirst.gr. Ce site offre aux visiteurs la possibilit\u00e9 de t\u00e9l\u00e9charger une application appel\u00e9e VisitGreece, qui fournit des d\u00e9tails importants sur les endroits o\u00f9 effectuer des tests de diagnostic pendant leur s\u00e9jour et avant leur d\u00e9part.....<\/p>","protected":false},"author":3,"featured_media":0,"parent":0,"menu_order":0,"comment_status":"closed","ping_status":"closed","template":"elementor_header_footer","meta":[],"blocksy_meta":{"styles_descriptor":{"styles":{"desktop":"","tablet":"","mobile":""},"google_fonts":[],"version":5}},"_links":{"self":[{"href":"https:\/\/balos-travel.com\/fr\/wp-json\/wp\/v2\/pages\/647"}],"collection":[{"href":"https:\/\/balos-travel.com\/fr\/wp-json\/wp\/v2\/pages"}],"about":[{"href":"https:\/\/balos-travel.com\/fr\/wp-json\/wp\/v2\/types\/page"}],"author":[{"embeddable":true,"href":"https:\/\/balos-travel.com\/fr\/wp-json\/wp\/v2\/users\/3"}],"replies":[{"embeddable":true,"href":"https:\/\/balos-travel.com\/fr\/wp-json\/wp\/v2\/comments?post=647"}],"version-history":[{"count":8,"href":"https:\/\/balos-travel.com\/fr\/wp-json\/wp\/v2\/pages\/647\/revisions"}],"predecessor-version":[{"id":6964,"href":"https:\/\/balos-travel.com\/fr\/wp-json\/wp\/v2\/pages\/647\/revisions\/6964"}],"wp:attachment":[{"href":"https:\/\/balos-travel.com\/fr\/wp-json\/wp\/v2\/media?parent=647"}],"curies":[{"name":"wp","href":"https:\/\/api.w.org\/{rel}","templated":true}]}}