{"id":652,"date":"2022-04-25T12:09:06","date_gmt":"2022-04-25T09:09:06","guid":{"rendered":"https:\/\/balos-travel.marketup.pro\/?page_id=652"},"modified":"2023-02-13T17:02:04","modified_gmt":"2023-02-13T15:02:04","slug":"cookie-policy","status":"publish","type":"page","link":"https:\/\/balos-travel.com\/de\/cookie-richtlinie\/","title":{"rendered":"Cookie-Richtlinie"},"content":{"rendered":"<div data-elementor-type=\"wp-page\" data-elementor-id=\"652\" class=\"elementor elementor-652\">\n\t\t\t\t\t\t\t\t\t<section class=\"elementor-section elementor-top-section elementor-element elementor-element-10b3777 ct-section-stretched elementor-section-height-min-height elementor-section-boxed elementor-section-height-default elementor-section-items-middle\" data-id=\"10b3777\" data-element_type=\"section\" data-settings=\"{&quot;jet_parallax_layout_list&quot;:[],&quot;background_background&quot;:&quot;classic&quot;}\">\n\t\t\t\t\t\t<div class=\"elementor-container elementor-column-gap-no\">\n\t\t\t\t\t<div class=\"elementor-column elementor-col-100 elementor-top-column elementor-element elementor-element-cf6acd7\" data-id=\"cf6acd7\" data-element_type=\"column\">\n\t\t\t<div class=\"elementor-widget-wrap elementor-element-populated\">\n\t\t\t\t\t\t\t\t<div class=\"elementor-element elementor-element-e00c0a7 elementor-widget elementor-widget-heading\" data-id=\"e00c0a7\" data-element_type=\"widget\" data-widget_type=\"heading.default\">\n\t\t\t\t<div class=\"elementor-widget-container\">\n\t\t\t<style>\/*! elementor - v3.7.8 - 02-10-2022 *\/\n.elementor-heading-title{padding:0;margin:0;line-height:1}.elementor-widget-heading .elementor-heading-title[class*=elementor-size-]>a{color:inherit;font-size:inherit;line-height:inherit}.elementor-widget-heading .elementor-heading-title.elementor-size-small{font-size:15px}.elementor-widget-heading .elementor-heading-title.elementor-size-medium{font-size:19px}.elementor-widget-heading .elementor-heading-title.elementor-size-large{font-size:29px}.elementor-widget-heading .elementor-heading-title.elementor-size-xl{font-size:39px}.elementor-widget-heading .elementor-heading-title.elementor-size-xxl{font-size:59px}<\/style><h1 class=\"elementor-heading-title elementor-size-default\">Cookie-Richtlinie<\/h1>\t\t<\/div>\n\t\t\t\t<\/div>\n\t\t\t\t<div class=\"elementor-element elementor-element-3370c03 elementor-widget elementor-widget-heading\" data-id=\"3370c03\" data-element_type=\"widget\" data-widget_type=\"heading.default\">\n\t\t\t\t<div class=\"elementor-widget-container\">\n\t\t\t<h2 class=\"elementor-heading-title elementor-size-default\">Lesen Sie unsere Cookie-Richtlinie<\/h2>\t\t<\/div>\n\t\t\t\t<\/div>\n\t\t\t\t<section class=\"elementor-section elementor-inner-section elementor-element elementor-element-070b49a elementor-section-boxed elementor-section-height-default elementor-section-height-default\" data-id=\"070b49a\" data-element_type=\"section\" data-settings=\"{&quot;jet_parallax_layout_list&quot;:[]}\">\n\t\t\t\t\t\t<div class=\"elementor-container elementor-column-gap-no\">\n\t\t\t\t\t<div class=\"elementor-column elementor-col-100 elementor-inner-column elementor-element elementor-element-93062b4\" data-id=\"93062b4\" data-element_type=\"column\">\n\t\t\t<div class=\"elementor-widget-wrap elementor-element-populated\">\n\t\t\t\t\t\t\t\t<div class=\"elementor-element elementor-element-95008e0 elementor-widget elementor-widget-jet-breadcrumbs\" data-id=\"95008e0\" data-element_type=\"widget\" data-widget_type=\"jet-breadcrumbs.default\">\n\t\t\t\t<div class=\"elementor-widget-container\">\n\t\t\t<div class=\"elementor-jet-breadcrumbs jet-blocks\">\n\t\t<div class=\"jet-breadcrumbs\">\n\t\t<div class=\"jet-breadcrumbs__content\">\n\t\t<div class=\"jet-breadcrumbs__wrap\"><div class=\"jet-breadcrumbs__item\"><a href=\"https:\/\/balos-travel.com\/de\/\" class=\"jet-breadcrumbs__item-link is-home\" rel=\"home\" title=\"Startseite\">Startseite<\/a><\/div>\n\t\t<\/div>\n\t\t<\/div>\n\t\t<\/div><\/div>\t\t<\/div>\n\t\t\t\t<\/div>\n\t\t\t\t\t<\/div>\n\t\t<\/div>\n\t\t\t\t\t\t\t<\/div>\n\t\t<\/section>\n\t\t\t\t\t<\/div>\n\t\t<\/div>\n\t\t\t\t\t\t\t<\/div>\n\t\t<\/section>\n\t\t\t\t<section class=\"elementor-section elementor-top-section elementor-element elementor-element-fc8c29e elementor-section-boxed elementor-section-height-default elementor-section-height-default\" data-id=\"fc8c29e\" data-element_type=\"section\" data-settings=\"{&quot;jet_parallax_layout_list&quot;:[]}\">\n\t\t\t\t\t\t<div class=\"elementor-container elementor-column-gap-no\">\n\t\t\t\t\t<div class=\"elementor-column elementor-col-100 elementor-top-column elementor-element elementor-element-0b2822d\" data-id=\"0b2822d\" data-element_type=\"column\">\n\t\t\t<div class=\"elementor-widget-wrap elementor-element-populated\">\n\t\t\t\t\t\t\t\t<div class=\"elementor-element elementor-element-3e7b579 elementor-widget elementor-widget-text-editor\" data-id=\"3e7b579\" data-element_type=\"widget\" data-widget_type=\"text-editor.default\">\n\t\t\t\t<div class=\"elementor-widget-container\">\n\t\t\t<style>\/*! elementor - v3.7.8 - 02-10-2022 *\/\n.elementor-widget-text-editor.elementor-drop-cap-view-stacked .elementor-drop-cap{background-color:#818a91;color:#fff}.elementor-widget-text-editor.elementor-drop-cap-view-framed .elementor-drop-cap{color:#818a91;border:3px solid;background-color:transparent}.elementor-widget-text-editor:not(.elementor-drop-cap-view-default) .elementor-drop-cap{margin-top:8px}.elementor-widget-text-editor:not(.elementor-drop-cap-view-default) .elementor-drop-cap-letter{width:1em;height:1em}.elementor-widget-text-editor .elementor-drop-cap{float:left;text-align:center;line-height:1;font-size:50px}.elementor-widget-text-editor .elementor-drop-cap-letter{display:inline-block}<\/style>\t\t\t\t<p><strong>Was sind Cookies?<\/strong><\/p><p>Wie bei fast allen professionellen Websites \u00fcblich, verwendet auch diese Website Cookies, d. h. kleine Dateien, die auf Ihren Computer heruntergeladen werden, um Ihre Erfahrung zu verbessern. Auf dieser Seite wird beschrieben, welche Informationen sie sammeln, wie wir sie verwenden und warum wir diese Cookies manchmal speichern m\u00fcssen. Wir teilen Ihnen auch mit, wie Sie die Speicherung dieser Cookies verhindern k\u00f6nnen, was jedoch zu einer Beeintr\u00e4chtigung bestimmter Funktionen der Website f\u00fchren kann.<\/p><p>F\u00fcr weitere allgemeine Informationen \u00fcber Cookies siehe den Wikipedia-Artikel \u00fcber HTTP-Cookies...<\/p><p><strong>Wie wir Cookies verwenden<\/strong><\/p><p>Wir verwenden Cookies aus einer Reihe von Gr\u00fcnden, die im Folgenden n\u00e4her erl\u00e4utert werden. Leider gibt es in den meisten F\u00e4llen keine branchen\u00fcblichen Optionen zur Deaktivierung von Cookies, ohne die Funktionen und Merkmale, die sie dieser Website hinzuf\u00fcgen, vollst\u00e4ndig zu deaktivieren. Es wird empfohlen, alle Cookies zuzulassen, wenn Sie nicht sicher sind, ob Sie sie ben\u00f6tigen oder nicht, falls sie zur Bereitstellung eines von Ihnen genutzten Dienstes verwendet werden.<\/p><p><strong>Deaktivieren von Cookies<\/strong><\/p><p>Sie k\u00f6nnen das Setzen von Cookies verhindern, indem Sie die Einstellungen Ihres Browsers anpassen (siehe dazu die Hilfe Ihres Browsers). Beachten Sie, dass die Deaktivierung von Cookies die Funktionalit\u00e4t dieser und vieler anderer Websites, die Sie besuchen, beeintr\u00e4chtigen wird. Die Deaktivierung von Cookies f\u00fchrt in der Regel auch zur Deaktivierung bestimmter Funktionen und Merkmale dieser Website. Es wird daher empfohlen, Cookies nicht zu deaktivieren.<\/p><p><strong>Die von uns gesetzten Cookies<\/strong><\/p><p>Wenn Sie ein Konto bei uns anlegen, verwenden wir Cookies f\u00fcr die Verwaltung des Anmeldevorgangs und die allgemeine Verwaltung. Diese Cookies werden in der Regel gel\u00f6scht, wenn Sie sich abmelden. In einigen F\u00e4llen k\u00f6nnen sie jedoch gespeichert bleiben, um Ihre Website-Einstellungen zu speichern, wenn Sie abgemeldet sind.<\/p><p>Wir verwenden Cookies, wenn Sie angemeldet sind, damit wir uns diese Tatsache merken k\u00f6nnen. Dies verhindert, dass Sie sich jedes Mal anmelden m\u00fcssen, wenn Sie eine neue Seite besuchen. Diese Cookies werden normalerweise entfernt oder gel\u00f6scht, wenn Sie sich abmelden, um sicherzustellen, dass Sie nur auf eingeschr\u00e4nkte Funktionen und Bereiche zugreifen k\u00f6nnen, wenn Sie eingeloggt sind.<\/p><p>Diese Website bietet Newsletter- oder E-Mail-Abonnementdienste an, und Cookies k\u00f6nnen verwendet werden, um sich zu merken, ob Sie bereits registriert sind und ob bestimmte Benachrichtigungen angezeigt werden sollen, die m\u00f6glicherweise nur f\u00fcr angemeldete\/abgemeldete Benutzer gelten.<\/p><p>Wenn Sie Daten \u00fcber ein Formular, z. B. auf Kontaktseiten oder Kommentarformularen, \u00fcbermitteln, k\u00f6nnen Cookies gesetzt werden, um Ihre Benutzerdaten f\u00fcr zuk\u00fcnftige Korrespondenz zu speichern.<\/p><p>Um Ihnen einen angenehmen Aufenthalt auf dieser Website zu erm\u00f6glichen, bieten wir Ihnen die M\u00f6glichkeit, Ihre Pr\u00e4ferenzen f\u00fcr den Betrieb dieser Website festzulegen, wenn Sie sie nutzen. Damit wir uns Ihre Pr\u00e4ferenzen merken k\u00f6nnen, m\u00fcssen wir Cookies setzen, damit diese Informationen bei jeder Interaktion mit einer Seite aufgerufen werden k\u00f6nnen, die von Ihren Pr\u00e4ferenzen beeinflusst wird.<\/p><p><strong>Cookies von Dritten<\/strong><\/p><p>In einigen besonderen F\u00e4llen verwenden wir auch Cookies, die von vertrauensw\u00fcrdigen Dritten bereitgestellt werden. Der folgende Abschnitt beschreibt, welche Cookies von Dritten Sie auf dieser Website finden k\u00f6nnen.<\/p><p>Diese Website verwendet Google Analytics, eine der am weitesten verbreiteten und vertrauensw\u00fcrdigsten Analysel\u00f6sungen im Internet, die uns hilft zu verstehen, wie Sie die Website nutzen und wie wir Ihre Erfahrung verbessern k\u00f6nnen. Diese Cookies k\u00f6nnen Dinge wie Ihre Verweildauer auf der Website und die von Ihnen besuchten Seiten aufzeichnen, damit wir weiterhin ansprechende Inhalte erstellen k\u00f6nnen.<\/p><p>Weitere Informationen zu Google Analytics-Cookies finden Sie auf der offiziellen Google Analytics-Seite.<\/p><p>Von Zeit zu Zeit testen wir neue Funktionen und nehmen geringf\u00fcgige \u00c4nderungen an der Art und Weise vor, wie die Website bereitgestellt wird. Wenn wir noch neue Funktionen testen, k\u00f6nnen diese Cookies verwendet werden, um sicherzustellen, dass Sie auf der Website ein einheitliches Erlebnis haben, und um zu verstehen, welche Optimierungen unsere Nutzer am meisten sch\u00e4tzen.<\/p><p>Da wir Produkte verkaufen, ist es f\u00fcr uns wichtig, Statistiken dar\u00fcber zu erstellen, wie viele der Besucher unserer Website tats\u00e4chlich einen Kauf t\u00e4tigen. Dies ist wichtig f\u00fcr Sie, da es bedeutet, dass wir genaue Gesch\u00e4ftsprognosen machen k\u00f6nnen, die es uns erm\u00f6glichen, unsere Werbe- und Produktkosten zu \u00fcberwachen, um den bestm\u00f6glichen Preis zu gew\u00e4hrleisten.<\/p><p>Wir verwenden Werbeanzeigen, um die Kosten f\u00fcr den Betrieb dieser Website zu decken und die weitere Entwicklung zu finanzieren. Die Cookies f\u00fcr verhaltensbasierte Werbung, die auf dieser Website verwendet werden, sollen sicherstellen, dass wir Ihnen m\u00f6glichst relevante Werbung anbieten, indem wir Ihre Interessen anonym verfolgen und \u00e4hnliche Dinge pr\u00e4sentieren, die von Interesse sein k\u00f6nnten.<\/p><p>Wir verwenden auch Schaltfl\u00e4chen und\/oder Plugins f\u00fcr soziale Medien auf dieser Website, die es Ihnen erm\u00f6glichen, sich auf verschiedene Weise mit Ihrem sozialen Netzwerk zu verbinden. Damit diese funktionieren, setzen die folgenden Social-Media-Websites, darunter Facebook, Google+, LinekdIn und Instagram, \u00fcber unsere Website Cookies, die dazu verwendet werden k\u00f6nnen, Ihr Profil auf ihrer Website zu verbessern oder zu den Daten beizutragen, die sie zu verschiedenen Zwecken speichern, die in ihren jeweiligen Datenschutzrichtlinien beschrieben sind.<\/p><p><strong>Mehr Informationen<\/strong><\/p><p>Wie bereits erw\u00e4hnt, ist es bei Dingen, bei denen Sie sich nicht sicher sind, ob Sie sie ben\u00f6tigen, in der Regel sicherer, die Cookies aktiviert zu lassen, f\u00fcr den Fall, dass sie mit einer der Funktionen interagieren, die Sie auf unserer Website nutzen. Wenn Sie jedoch noch weitere Informationen ben\u00f6tigen, k\u00f6nnen Sie uns \u00fcber eine unserer bevorzugten Kontaktmethoden kontaktieren.<\/p><p>E-Mail: <a href=\"mailto:info@balos-travel.com\">info@balos-travel.com<\/a><\/p><p>Telefon: <a href=\"tel:+302822022900\">(+30) 28220 22900<\/a><\/p>\t\t\t\t\t\t<\/div>\n\t\t\t\t<\/div>\n\t\t\t\t\t<\/div>\n\t\t<\/div>\n\t\t\t\t\t\t\t<\/div>\n\t\t<\/section>\n\t\t\t\t\t\t\t<\/div>","protected":false},"excerpt":{"rendered":"<p>Cookie-Richtlinie Lesen Sie unsere Cookie-Richtlinie Home Was sind Cookies? Wie bei fast allen professionellen Websites \u00fcblich, verwendet diese Website Cookies, d. h. winzige Dateien, die auf Ihren Computer heruntergeladen werden, um Ihre Erfahrung zu verbessern. Auf dieser Seite wird beschrieben, welche Informationen sie sammeln, wie wir sie verwenden und warum wir diese Cookies manchmal speichern m\u00fcssen. Wir teilen Ihnen auch mit, wie Sie die Speicherung dieser Cookies verhindern k\u00f6nnen, was jedoch zu einer Beeintr\u00e4chtigung bestimmter Funktionen der Website f\u00fchren kann. Weitere allgemeine Informationen \u00fcber Cookies finden Sie in dem Wikipedia-Artikel \u00fcber HTTP-Cookies... Wie wir Cookies verwenden...<\/p>","protected":false},"author":3,"featured_media":0,"parent":0,"menu_order":0,"comment_status":"closed","ping_status":"closed","template":"elementor_header_footer","meta":[],"blocksy_meta":{"styles_descriptor":{"styles":{"desktop":"","tablet":"","mobile":""},"google_fonts":[],"version":5}},"_links":{"self":[{"href":"https:\/\/balos-travel.com\/de\/wp-json\/wp\/v2\/pages\/652"}],"collection":[{"href":"https:\/\/balos-travel.com\/de\/wp-json\/wp\/v2\/pages"}],"about":[{"href":"https:\/\/balos-travel.com\/de\/wp-json\/wp\/v2\/types\/page"}],"author":[{"embeddable":true,"href":"https:\/\/balos-travel.com\/de\/wp-json\/wp\/v2\/users\/3"}],"replies":[{"embeddable":true,"href":"https:\/\/balos-travel.com\/de\/wp-json\/wp\/v2\/comments?post=652"}],"version-history":[{"count":8,"href":"https:\/\/balos-travel.com\/de\/wp-json\/wp\/v2\/pages\/652\/revisions"}],"predecessor-version":[{"id":6965,"href":"https:\/\/balos-travel.com\/de\/wp-json\/wp\/v2\/pages\/652\/revisions\/6965"}],"wp:attachment":[{"href":"https:\/\/balos-travel.com\/de\/wp-json\/wp\/v2\/media?parent=652"}],"curies":[{"name":"wp","href":"https:\/\/api.w.org\/{rel}","templated":true}]}}