{"id":647,"date":"2022-04-25T12:02:59","date_gmt":"2022-04-25T09:02:59","guid":{"rendered":"https:\/\/balos-travel.marketup.pro\/?page_id=647"},"modified":"2023-02-13T17:01:43","modified_gmt":"2023-02-13T15:01:43","slug":"covid-19","status":"publish","type":"page","link":"https:\/\/balos-travel.com\/de\/covid-19-2\/","title":{"rendered":"Covid-19"},"content":{"rendered":"<div data-elementor-type=\"wp-page\" data-elementor-id=\"647\" class=\"elementor elementor-647\">\n\t\t\t\t\t\t\t\t\t<section class=\"elementor-section elementor-top-section elementor-element elementor-element-5150ade ct-section-stretched elementor-section-height-min-height elementor-section-boxed elementor-section-height-default elementor-section-items-middle\" data-id=\"5150ade\" data-element_type=\"section\" data-settings=\"{&quot;jet_parallax_layout_list&quot;:[],&quot;background_background&quot;:&quot;classic&quot;}\">\n\t\t\t\t\t\t<div class=\"elementor-container elementor-column-gap-no\">\n\t\t\t\t\t<div class=\"elementor-column elementor-col-100 elementor-top-column elementor-element elementor-element-902dbcd\" data-id=\"902dbcd\" data-element_type=\"column\">\n\t\t\t<div class=\"elementor-widget-wrap elementor-element-populated\">\n\t\t\t\t\t\t\t\t<div class=\"elementor-element elementor-element-192a31b elementor-widget elementor-widget-heading\" data-id=\"192a31b\" data-element_type=\"widget\" data-widget_type=\"heading.default\">\n\t\t\t\t<div class=\"elementor-widget-container\">\n\t\t\t<style>\/*! elementor - v3.7.8 - 02-10-2022 *\/\n.elementor-heading-title{padding:0;margin:0;line-height:1}.elementor-widget-heading .elementor-heading-title[class*=elementor-size-]>a{color:inherit;font-size:inherit;line-height:inherit}.elementor-widget-heading .elementor-heading-title.elementor-size-small{font-size:15px}.elementor-widget-heading .elementor-heading-title.elementor-size-medium{font-size:19px}.elementor-widget-heading .elementor-heading-title.elementor-size-large{font-size:29px}.elementor-widget-heading .elementor-heading-title.elementor-size-xl{font-size:39px}.elementor-widget-heading .elementor-heading-title.elementor-size-xxl{font-size:59px}<\/style><h1 class=\"elementor-heading-title elementor-size-default\">COVID-19<\/h1>\t\t<\/div>\n\t\t\t\t<\/div>\n\t\t\t\t<div class=\"elementor-element elementor-element-554addb elementor-widget elementor-widget-heading\" data-id=\"554addb\" data-element_type=\"widget\" data-widget_type=\"heading.default\">\n\t\t\t\t<div class=\"elementor-widget-container\">\n\t\t\t<h2 class=\"elementor-heading-title elementor-size-default\">SUMMER 2026<\/h2>\t\t<\/div>\n\t\t\t\t<\/div>\n\t\t\t\t<section class=\"elementor-section elementor-inner-section elementor-element elementor-element-0605ce9 elementor-section-boxed elementor-section-height-default elementor-section-height-default\" data-id=\"0605ce9\" data-element_type=\"section\" data-settings=\"{&quot;jet_parallax_layout_list&quot;:[]}\">\n\t\t\t\t\t\t<div class=\"elementor-container elementor-column-gap-no\">\n\t\t\t\t\t<div class=\"elementor-column elementor-col-100 elementor-inner-column elementor-element elementor-element-c6f4b12\" data-id=\"c6f4b12\" data-element_type=\"column\">\n\t\t\t<div class=\"elementor-widget-wrap elementor-element-populated\">\n\t\t\t\t\t\t\t\t<div class=\"elementor-element elementor-element-7481bb6 elementor-widget elementor-widget-jet-breadcrumbs\" data-id=\"7481bb6\" data-element_type=\"widget\" data-widget_type=\"jet-breadcrumbs.default\">\n\t\t\t\t<div class=\"elementor-widget-container\">\n\t\t\t<div class=\"elementor-jet-breadcrumbs jet-blocks\">\n\t\t<div class=\"jet-breadcrumbs\">\n\t\t<div class=\"jet-breadcrumbs__content\">\n\t\t<div class=\"jet-breadcrumbs__wrap\"><div class=\"jet-breadcrumbs__item\"><a href=\"https:\/\/balos-travel.com\/de\/\" class=\"jet-breadcrumbs__item-link is-home\" rel=\"home\" title=\"Startseite\">Startseite<\/a><\/div>\n\t\t<\/div>\n\t\t<\/div>\n\t\t<\/div><\/div>\t\t<\/div>\n\t\t\t\t<\/div>\n\t\t\t\t\t<\/div>\n\t\t<\/div>\n\t\t\t\t\t\t\t<\/div>\n\t\t<\/section>\n\t\t\t\t\t<\/div>\n\t\t<\/div>\n\t\t\t\t\t\t\t<\/div>\n\t\t<\/section>\n\t\t\t\t<section class=\"elementor-section elementor-top-section elementor-element elementor-element-d1f1b5a elementor-section-boxed elementor-section-height-default elementor-section-height-default\" data-id=\"d1f1b5a\" data-element_type=\"section\" data-settings=\"{&quot;jet_parallax_layout_list&quot;:[]}\">\n\t\t\t\t\t\t<div class=\"elementor-container elementor-column-gap-no\">\n\t\t\t\t\t<div class=\"elementor-column elementor-col-100 elementor-top-column elementor-element elementor-element-1b3da0c\" data-id=\"1b3da0c\" data-element_type=\"column\">\n\t\t\t<div class=\"elementor-widget-wrap elementor-element-populated\">\n\t\t\t\t\t\t\t\t<div class=\"elementor-element elementor-element-f405e17 elementor-widget elementor-widget-text-editor\" data-id=\"f405e17\" data-element_type=\"widget\" data-widget_type=\"text-editor.default\">\n\t\t\t\t<div class=\"elementor-widget-container\">\n\t\t\t<style>\/*! elementor - v3.7.8 - 02-10-2022 *\/\n.elementor-widget-text-editor.elementor-drop-cap-view-stacked .elementor-drop-cap{background-color:#818a91;color:#fff}.elementor-widget-text-editor.elementor-drop-cap-view-framed .elementor-drop-cap{color:#818a91;border:3px solid;background-color:transparent}.elementor-widget-text-editor:not(.elementor-drop-cap-view-default) .elementor-drop-cap{margin-top:8px}.elementor-widget-text-editor:not(.elementor-drop-cap-view-default) .elementor-drop-cap-letter{width:1em;height:1em}.elementor-widget-text-editor .elementor-drop-cap{float:left;text-align:center;line-height:1;font-size:50px}.elementor-widget-text-editor .elementor-drop-cap-letter{display:inline-block}<\/style>\t\t\t\t<p>Das Ministerium f\u00fcr Tourismus f\u00fchrt eine gut durchdachte Politik gegen Covid-19 f\u00fcr alle Menschen durch, die das sch\u00f6ne Griechenland besuchen m\u00f6chten.<br \/>Alle Ma\u00dfnahmen in Bezug auf die Besucher Griechenlands werden in\u00a0<a href=\"https:\/\/travel.gov.gr\/#\/\" target=\"_blank\" rel=\"noopener\">https:\/\/travel.gov.gr\/#\/<\/a><br \/>Dort kann jeder das PLF (Passengers Location Form) finden und ausf\u00fcllen, bevor er in das Land einreist.<br \/>Sobald die Besucher in Griechenland sind, k\u00f6nnen sie viele n\u00fctzliche Informationen \u00fcber Gesundheitsthemen finden in\u00a0<a href=\"https:\/\/greecehealthfirst.gr\/\" target=\"_blank\" rel=\"noopener\">https:\/\/greecehealthfirst.gr<\/a><br \/>Diese Website bietet Besuchern die M\u00f6glichkeit, eine Anwendung namens VisitGreece herunterzuladen, die wichtige Informationen \u00fcber die Orte f\u00fcr diagnostische Tests w\u00e4hrend ihres Aufenthalts und vor ihrer Abreise enth\u00e4lt.<\/p><p>Diese Initiative ist ein wirksames Mittel, um die Sicherheit von Besuchern und Einwohnern des Landes zu gew\u00e4hrleisten und somit ein Gef\u00fchl der Sicherheit w\u00e4hrend der touristischen Sommersaison aufrechtzuerhalten.<br \/>Allen Besuchern wird empfohlen, die Visit Greece App (GDPR-konform) kostenlos herunterzuladen (von\u00a0<a href=\"https:\/\/apps.apple.com\/us\/app\/visit-greece\/id1523802597\" target=\"_blank\" rel=\"noopener\">App-Store<\/a>\u00a0oder\u00a0<a href=\"https:\/\/play.google.com\/store\/apps\/details?id=com.visit_greece\" target=\"_blank\" rel=\"noopener\">Google Play<\/a>) vor oder bei der Ankunft in Griechenland. #staysafe<\/p>\t\t\t\t\t\t<\/div>\n\t\t\t\t<\/div>\n\t\t\t\t<div class=\"elementor-element elementor-element-7dd5c4b elementor-widget elementor-widget-heading\" data-id=\"7dd5c4b\" data-element_type=\"widget\" data-widget_type=\"heading.default\">\n\t\t\t\t<div class=\"elementor-widget-container\">\n\t\t\t<h3 class=\"elementor-heading-title elementor-size-default\">COVID-19 &amp; BALOS TRAVEL<\/h3>\t\t<\/div>\n\t\t\t\t<\/div>\n\t\t\t\t<div class=\"elementor-element elementor-element-ea1e247 elementor-widget elementor-widget-text-editor\" data-id=\"ea1e247\" data-element_type=\"widget\" data-widget_type=\"text-editor.default\">\n\t\t\t\t<div class=\"elementor-widget-container\">\n\t\t\t\t\t\t\t<p>Unser Reiseb\u00fcro Balos Travel h\u00e4lt sich genau an die Anweisungen des Gesundheitsministeriums zum Umgang mit dem Virus Sars-Cov2 und zur Vermeidung seiner Verbreitung in der Bev\u00f6lkerung.<br \/>Unter Ber\u00fccksichtigung der Gesundheits- und Sicherheitsma\u00dfnahmen, die durch die neue epidemiologische Realit\u00e4t erforderlich sind, haben wir den Betrieb unserer Touren und Ausfl\u00fcge mit den wichtigsten Zielen der Gesundheit und Sicherheit der Menschen, die mit uns reisen, angepasst.<br \/>Unsere Priorit\u00e4t in dieser neuen Realit\u00e4t ist es, unsere Dienste in einer vertrauten und absolut sicheren Umgebung anzubieten.<br \/>Alle Mitarbeiter werden w\u00f6chentlich einem Antigen-Schnelltest unterzogen.<br \/>Sie verwenden auch pers\u00f6nliche Schutzausr\u00fcstung und ergreifen Hygienema\u00dfnahmen.<br \/>Sicherheit hat f\u00fcr uns immer oberste Priorit\u00e4t, und wir haben hart daran gearbeitet, dass unsere R\u00fcckkehr zum Reisen ebenso sicher wie unterhaltsam ist! Wir bem\u00fchen uns, Ihre Reiseerfahrung sorgenfrei zu gestalten.<br \/>An Bord unserer Busse m\u00fcssen alle Fahrg\u00e4ste, das Personal und die Fahrer jederzeit einen Mundschutz tragen.<\/p><p>Alle Fahrg\u00e4ste haben ihre eigenen Gesichtsmasken mitzubringen, die w\u00e4hrend des gesamten Aufenthalts im Bus ordnungsgem\u00e4\u00df getragen werden m\u00fcssen.<\/p><p>Die Auswahl des Sitzplatzes erfolgt bei der Abholung oder bei der Abfahrt, und Sie behalten diesen Sitzplatz f\u00fcr die Dauer Ihrer Tour.<br \/>Sie d\u00fcrfen nicht in den Bus einsteigen, wenn Sie in den letzten 14 Tagen als \"enger Kontakt\" zu einem positiven COVID-19-Fall identifiziert wurden oder wenn Ihnen geraten wurde, sich zu isolieren.<\/p><p>Die Aufnahme wird auch verweigert, wenn Sie eines der folgenden Symptome aufweisen, die nicht auf andere Erkrankungen zur\u00fcckzuf\u00fchren sind:<br \/>- Fieber oder Sch\u00fcttelfrost<br \/>- Atemprobleme oder Kurzatmigkeit<br \/>- Husten, Halsschmerzen, Schluckbeschwerden<br \/>- Laufende Nase\/Nasenverstopfung, Abnahme oder Verlust von Geruch oder Geschmack<br \/>- \u00dcbelkeit oder Erbrechen, Durchfall, Unterleibsschmerzen<br \/>- Unwohlsein, extreme M\u00fcdigkeit, Muskelkater, rosa Augen<\/p><p>*Bitte beachten Sie, dass die oben genannten Informationen den derzeit besten verf\u00fcgbaren Praktiken entsprechen. Sie werden bei Bedarf st\u00e4ndig angepasst, um sicherzustellen, dass die h\u00f6chsten Sicherheitsstandards eingehalten werden.<\/p><p>**Obwohl wir alle Vorsichtsma\u00dfnahmen ergreifen, um die Sicherheit zu gew\u00e4hrleisten, besteht ein inh\u00e4rentes Risiko, COVID 19 ausgesetzt zu sein, wann immer wir mit anderen Menschen in Kontakt kommen. Mit Ihrer Reise akzeptieren Sie dieses Risiko und verstehen, dass Balos Travel keine Verantwortung f\u00fcr eine COVID-19-Exposition \u00fcbernehmen kann, der Sie w\u00e4hrend Ihrer Reise ausgesetzt sein k\u00f6nnten, sei es an Bord des Busses \/ Bootes oder an einem der besuchten Orte.<\/p>\t\t\t\t\t\t<\/div>\n\t\t\t\t<\/div>\n\t\t\t\t\t<\/div>\n\t\t<\/div>\n\t\t\t\t\t\t\t<\/div>\n\t\t<\/section>\n\t\t\t\t\t\t\t<\/div>","protected":false},"excerpt":{"rendered":"<p>COVID-19 Home Das Ministerium f\u00fcr Tourismus f\u00fchrt eine gut durchdachte Politik gegen Covid-19 f\u00fcr alle Menschen durch, die das sch\u00f6ne Land Griechenland besuchen m\u00f6chten. Alle Ma\u00dfnahmen, die die Besucher Griechenlands betreffen, werden auf https:\/\/travel.gov.gr\/#\/ vorgestellt. Dort kann jeder das PLF (Passengers Location Form) finden und ausf\u00fcllen, bevor er in das Land einreist. Sobald die Besucher in Griechenland sind, k\u00f6nnen sie viele n\u00fctzliche Informationen \u00fcber Gesundheitsfragen unter https:\/\/greecehealthfirst.gr finden. Diese Website bietet den Besuchern die M\u00f6glichkeit, eine Anwendung namens VisitGreece herunterzuladen, die wichtige Details \u00fcber die Orte f\u00fcr diagnostische Tests w\u00e4hrend ihres Aufenthalts und vor ihrer Abreise enth\u00e4lt....<\/p>","protected":false},"author":3,"featured_media":0,"parent":0,"menu_order":0,"comment_status":"closed","ping_status":"closed","template":"elementor_header_footer","meta":[],"blocksy_meta":{"styles_descriptor":{"styles":{"desktop":"","tablet":"","mobile":""},"google_fonts":[],"version":5}},"_links":{"self":[{"href":"https:\/\/balos-travel.com\/de\/wp-json\/wp\/v2\/pages\/647"}],"collection":[{"href":"https:\/\/balos-travel.com\/de\/wp-json\/wp\/v2\/pages"}],"about":[{"href":"https:\/\/balos-travel.com\/de\/wp-json\/wp\/v2\/types\/page"}],"author":[{"embeddable":true,"href":"https:\/\/balos-travel.com\/de\/wp-json\/wp\/v2\/users\/3"}],"replies":[{"embeddable":true,"href":"https:\/\/balos-travel.com\/de\/wp-json\/wp\/v2\/comments?post=647"}],"version-history":[{"count":8,"href":"https:\/\/balos-travel.com\/de\/wp-json\/wp\/v2\/pages\/647\/revisions"}],"predecessor-version":[{"id":6964,"href":"https:\/\/balos-travel.com\/de\/wp-json\/wp\/v2\/pages\/647\/revisions\/6964"}],"wp:attachment":[{"href":"https:\/\/balos-travel.com\/de\/wp-json\/wp\/v2\/media?parent=647"}],"curies":[{"name":"wp","href":"https:\/\/api.w.org\/{rel}","templated":true}]}}